{"id":7089,"date":"2021-07-23T13:26:41","date_gmt":"2021-07-23T11:26:41","guid":{"rendered":"https:\/\/arcorafuture.com\/de\/?page_id=7089"},"modified":"2021-09-13T15:57:15","modified_gmt":"2021-09-13T13:57:15","slug":"impressum","status":"publish","type":"page","link":"https:\/\/arcorafuture.com\/de\/impressum\/","title":{"rendered":"Impressum"},"content":{"rendered":"<p>[vc_row][vc_column][vc_custom_heading text=&#8221;RECHTLICHE INFORMATIONEN&#8221; font_container=&#8221;tag:h1|font_size:44|text_align:left|color:%23a0a0a0&#8243; google_fonts=&#8221;font_family:Lato%3A100%2C100italic%2C300%2C300italic%2Cregular%2Citalic%2C700%2C700italic%2C900%2C900italic|font_style:700%20bold%20regular%3A700%3Anormal&#8221;][separator width=&#8221;100%&#8221; height=&#8221;1px&#8221; color=&#8221;#11787f&#8221;][\/vc_column][\/vc_row][vc_row][vc_column css=&#8221;.vc_custom_1631541423369{margin-top: -50px !important;}&#8221;][vc_column_text]<\/p>\n<h2><\/h2>\n<p>Allgemeine Informationen<br \/>\nImpressum<\/p>\n<p><strong>ARCORA INTERNATIONAL GmbH<\/strong><br \/>\nMarsstr. 9<br \/>\n85609 Aschheim<\/p>\n<p>Telefon: +498914332930<br \/>\nFax: +4989143329329<br \/>\nE-Mail: info[a]arcora.de<\/p>\n<p>Gesch\u00e4ftsf\u00fchrer: Sami Memili<\/p>\n<p><strong>Registereintrag:<\/strong><br \/>\nEingetragen im Handelsregister<br \/>\nBeim Registergericht: Amtsgericht M\u00fcnchen<br \/>\nUnter der Registernummer: HRB 160055<\/p>\n<p>Umsatzsteuer-Identifikationsnummer gem\u00e4\u00df \u00a727a Umsatzsteuergesetz: DE 814564893<br \/>\nWirtschaftsidentikifationsnummer gem\u00e4\u00df \u00a7139 c Abgabeordnung:<\/p>\n<p>Dieses Impressum wurde erstellt durch\u00a0<a href=\"https:\/\/www.datenschutzexperte.de\/\">www.datenschutzexperte.de<\/a>[\/vc_column_text][\/vc_column][\/vc_row]<\/p>\n","protected":false},"excerpt":{"rendered":"<p>[vc_row][vc_column][vc_custom_heading text=&#8221;RECHTLICHE INFORMATIONEN&#8221; font_container=&#8221;tag:h1|font_size:44|text_align:left|color:%23a0a0a0&#8243; google_fonts=&#8221;font_family:Lato%3A100%2C100italic%2C300%2C300italic%2Cregular%2Citalic%2C700%2C700italic%2C900%2C900italic|font_style:700%20bold%20regular%3A700%3Anormal&#8221;][separator width=&#8221;100%&#8221; height=&#8221;1px&#8221; color=&#8221;#11787f&#8221;][\/vc_column][\/vc_row][vc_row][vc_column css=&#8221;.vc_custom_1631541423369{margin-top: -50px !important;}&#8221;][vc_column_text] Allgemeine Informationen Impressum ARCORA INTERNATIONAL GmbH Marsstr. 9 85609 Aschheim Telefon: +498914332930 Fax: +4989143329329 E-Mail: info[a]arcora.de Gesch\u00e4ftsf\u00fchrer: Sami Memili Registereintrag: Eingetragen im Handelsregister Beim Registergericht: Amtsgericht M\u00fcnchen Unter der Registernummer: HRB 160055 Umsatzsteuer-Identifikationsnummer gem\u00e4\u00df \u00a727a Umsatzsteuergesetz: DE 814564893 Wirtschaftsidentikifationsnummer gem\u00e4\u00df \u00a7139 c Abgabeordnung: Dieses [&hellip;]<\/p>\n","protected":false},"author":1,"featured_media":0,"parent":0,"menu_order":0,"comment_status":"closed","ping_status":"closed","template":"","meta":{"footnotes":""},"class_list":["post-7089","page","type-page","status-publish","hentry"],"_links":{"self":[{"href":"https:\/\/arcorafuture.com\/de\/wp-json\/wp\/v2\/pages\/7089","targetHints":{"allow":["GET"]}}],"collection":[{"href":"https:\/\/arcorafuture.com\/de\/wp-json\/wp\/v2\/pages"}],"about":[{"href":"https:\/\/arcorafuture.com\/de\/wp-json\/wp\/v2\/types\/page"}],"author":[{"embeddable":true,"href":"https:\/\/arcorafuture.com\/de\/wp-json\/wp\/v2\/users\/1"}],"replies":[{"embeddable":true,"href":"https:\/\/arcorafuture.com\/de\/wp-json\/wp\/v2\/comments?post=7089"}],"version-history":[{"count":8,"href":"https:\/\/arcorafuture.com\/de\/wp-json\/wp\/v2\/pages\/7089\/revisions"}],"predecessor-version":[{"id":7428,"href":"https:\/\/arcorafuture.com\/de\/wp-json\/wp\/v2\/pages\/7089\/revisions\/7428"}],"wp:attachment":[{"href":"https:\/\/arcorafuture.com\/de\/wp-json\/wp\/v2\/media?parent=7089"}],"curies":[{"name":"wp","href":"https:\/\/api.w.org\/{rel}","templated":true}]}}