{"id":6910,"date":"2021-07-12T08:56:27","date_gmt":"2021-07-12T06:56:27","guid":{"rendered":"https:\/\/arcorafuture.com\/de\/?page_id=6910"},"modified":"2024-11-05T15:13:42","modified_gmt":"2024-11-05T14:13:42","slug":"zertifikate","status":"publish","type":"page","link":"https:\/\/arcorafuture.com\/de\/zertifikate\/","title":{"rendered":"Zertifikate"},"content":{"rendered":"<p>[vc_row][vc_column][vc_custom_heading text=&#8221;WIR BIETEN H\u00d6CHSTE QUALIT\u00c4T&#8221; font_container=&#8221;tag:h1|font_size:44|text_align:left|color:%23a0a0a0&#8243; google_fonts=&#8221;font_family:Lato%3A100%2C100italic%2C300%2C300italic%2Cregular%2Citalic%2C700%2C700italic%2C900%2C900italic|font_style:700%20bold%20regular%3A700%3Anormal&#8221;][separator width=&#8221;100%&#8221; height=&#8221;1px&#8221; color=&#8221;#11787f&#8221;][\/vc_column][\/vc_row][vc_row][vc_column][vc_tta_tabs style=&#8221;modern&#8221; spacing=&#8221;2&#8243; gap=&#8221;1&#8243; active_section=&#8221;1&#8243; no_fill_content_area=&#8221;true&#8221;][vc_tta_section title=&#8221;ISO 9001 | 14001&#8243; tab_id=&#8221;1609753264861-8cba282f-5883&#8243;][vc_row_inner disable_element=&#8221;yes&#8221;][vc_column_inner width=&#8221;1\/6&#8243;][\/vc_column_inner][vc_column_inner width=&#8221;1\/6&#8243;][\/vc_column_inner][vc_column_inner width=&#8221;1\/6&#8243;][\/vc_column_inner][vc_column_inner width=&#8221;1\/6&#8243;][\/vc_column_inner][\/vc_row_inner][vc_row_inner][vc_column_inner width=&#8221;1\/6&#8243;][\/vc_column_inner][vc_column_inner width=&#8221;5\/6&#8243;][\/vc_column_inner][\/vc_row_inner][\/vc_tta_section][vc_tta_section title=&#8221;CSR 26001:2018&#8243; tab_id=&#8221;1638365931956-c7fd9933-fb56&#8243;][vc_row_inner disable_element=&#8221;yes&#8221;][vc_column_inner width=&#8221;1\/6&#8243;][\/vc_column_inner][vc_column_inner width=&#8221;1\/6&#8243;][\/vc_column_inner][vc_column_inner width=&#8221;1\/6&#8243;][\/vc_column_inner][vc_column_inner width=&#8221;1\/6&#8243;][\/vc_column_inner][\/vc_row_inner][vc_row_inner][vc_column_inner width=&#8221;1\/6&#8243;][\/vc_column_inner][vc_column_inner width=&#8221;5\/6&#8243;][\/vc_column_inner][\/vc_row_inner][\/vc_tta_section][vc_tta_section title=&#8221;INNOVATION AWARD INTERCLEAN 2022&#8243; tab_id=&#8221;1679411348701-4f1e1565-cfb8&#8243;][vc_row_inner][vc_column_inner width=&#8221;1\/6&#8243;][vc_gallery type=&#8221;image_grid&#8221; images=&#8221;7624&#8243; img_size=&#8221;200&#215;300&#8243; onclick=&#8221;custom_link&#8221; custom_links_target=&#8221;_blank&#8221; custom_links=&#8221;#E-8_aHR0cHMlM0ElMkYlMkZhcmNvcmFmdXR1cmUuY29tJTJGZGUlMkZ3cC1jb250ZW50JTJGdXBsb2FkcyUyRjIwMjMlMkYwMyUyRklOVEVSQ0xFQU4tQ0VSVC0yMDIwLTIxMHgzMDAtMDMwNTIyLXYxLTMucGRm&#8221;][vc_btn title=&#8221;herunterladen&#8221; style=&#8221;flat&#8221; color=&#8221;turquoise&#8221; link=&#8221;url:https%3A%2F%2Farcorafuture.com%2Fde%2Fwp-content%2Fuploads%2F2023%2F03%2FINTERCLEAN-CERT-2020-210&#215;300-030522-v1-3.pdf|target:_blank&#8221;][\/vc_column_inner][vc_column_inner width=&#8221;1\/6&#8243;][\/vc_column_inner][vc_column_inner width=&#8221;1\/6&#8243;][\/vc_column_inner][vc_column_inner width=&#8221;1\/6&#8243;][\/vc_column_inner][vc_column_inner width=&#8221;1\/6&#8243;][\/vc_column_inner][vc_column_inner width=&#8221;1\/6&#8243;][\/vc_column_inner][\/vc_row_inner][vc_row_inner][vc_column_inner width=&#8221;1\/6&#8243;][\/vc_column_inner][vc_column_inner width=&#8221;5\/6&#8243;][\/vc_column_inner][\/vc_row_inner][\/vc_tta_section][vc_tta_section title=&#8221;PH\u00d6NIX PREIS 2022&#8243; tab_id=&#8221;1679411790199-a08044df-c595&#8243;][vc_row_inner][vc_column_inner width=&#8221;1\/6&#8243;][vc_gallery type=&#8221;image_grid&#8221; images=&#8221;7626&#8243; img_size=&#8221;200&#215;300&#8243; onclick=&#8221;custom_link&#8221; custom_links_target=&#8221;_blank&#8221; custom_links=&#8221;#E-8_aHR0cHMlM0ElMkYlMkZhcmNvcmFmdXR1cmUuY29tJTJGZGUlMkZ3cC1jb250ZW50JTJGdXBsb2FkcyUyRjIwMjMlMkYwMyUyRlBob2VuaXhQcmVpcy5wZGY=&#8221;][vc_btn title=&#8221;herunterladen&#8221; style=&#8221;flat&#8221; color=&#8221;turquoise&#8221; link=&#8221;url:https%3A%2F%2Farcorafuture.com%2Fde%2Fwp-content%2Fuploads%2F2023%2F03%2FPhoenixPreis.pdf|target:_blank&#8221;][\/vc_column_inner][vc_column_inner width=&#8221;1\/6&#8243;][\/vc_column_inner][vc_column_inner width=&#8221;1\/6&#8243;][\/vc_column_inner][vc_column_inner width=&#8221;1\/6&#8243;][\/vc_column_inner][vc_column_inner width=&#8221;1\/6&#8243;][\/vc_column_inner][vc_column_inner width=&#8221;1\/6&#8243;][\/vc_column_inner][\/vc_row_inner][vc_row_inner][vc_column_inner width=&#8221;1\/6&#8243;][\/vc_column_inner][vc_column_inner width=&#8221;5\/6&#8243;][\/vc_column_inner][\/vc_row_inner][\/vc_tta_section][vc_tta_section title=&#8221;RCS-RECYCLED CLAIM STANDARD&#8221; tab_id=&#8221;1679411918338-5866b871-5578&#8243;][vc_row_inner disable_element=&#8221;yes&#8221;][vc_column_inner width=&#8221;1\/6&#8243;][\/vc_column_inner][vc_column_inner width=&#8221;1\/6&#8243;][\/vc_column_inner][vc_column_inner width=&#8221;1\/6&#8243;][\/vc_column_inner][vc_column_inner width=&#8221;1\/6&#8243;][\/vc_column_inner][vc_column_inner width=&#8221;1\/6&#8243;][\/vc_column_inner][\/vc_row_inner][vc_row_inner][vc_column_inner width=&#8221;1\/6&#8243;][\/vc_column_inner][vc_column_inner width=&#8221;5\/6&#8243;][\/vc_column_inner][\/vc_row_inner][\/vc_tta_section][vc_tta_section title=&#8221;KLIMANEUTRALIT\u00c4T&#8221; tab_id=&#8221;1619182121047-24c6639c-6d41&#8243;][vc_row_inner][vc_column_inner width=&#8221;1\/6&#8243;][vc_gallery type=&#8221;image_grid&#8221; images=&#8221;7635&#8243; img_size=&#8221;200&#215;300&#8243; onclick=&#8221;custom_link&#8221; custom_links_target=&#8221;_blank&#8221; custom_links=&#8221;#E-8_aHR0cHMlM0ElMkYlMkZhcmNvcmFmdXR1cmUuY29tJTJGZGUlMkZ3cC1jb250ZW50JTJGdXBsb2FkcyUyRjIwMjMlMkYxMCUyRlplcnRpZmlrYXQtS2xpbWFuZXV0cmFsZXMtVW50ZXJuZWhtZW4tNDYucGRm&#8221;][vc_empty_space][\/vc_column_inner][vc_column_inner width=&#8221;5\/6&#8243;][vc_column_text]<strong>KLIMANEUTRALES UNTERNEHMEN<\/strong><\/p>\n<p>Nachhaltigkeit hat bei ARCORA schon immer eine sehr gro\u00dfe Rolle gespielt. Bei den Produkten und Prozessen wird stets darauf geachtet, die sozialen und \u00f6kologischen Aspekte im Blick zu behalten. Im April 2021 wurde die ARCORA International GmbH als klimaneutrales Unternehmen zertifiziert. Das Unternehmen leistet somit mit der Verringerung des Treibhausgases einen Beitrag f\u00fcr eine lebenswerte Umwelt und engagiert sich nachhaltig in den Bem\u00fchungen gegen die globale Klimaerw\u00e4rmung.[\/vc_column_text][vc_btn title=&#8221;herunterladen&#8221; style=&#8221;flat&#8221; color=&#8221;turquoise&#8221; link=&#8221;url:https%3A%2F%2Farcorafuture.com%2Fde%2Fwp-content%2Fuploads%2F2023%2F10%2FZertifikat-Klimaneutrales-Unternehmen-46.pdf|target:_blank&#8221;][\/vc_column_inner][\/vc_row_inner][\/vc_tta_section][vc_tta_section title=&#8221;T\u00dcV S\u00dcD | ENERGIE AUS WASSERKRAFT&#8221; tab_id=&#8221;1609753264885-3e2f91e7-99b2&#8243;][vc_row_inner][vc_column_inner width=&#8221;1\/6&#8243;][vc_gallery type=&#8221;image_grid&#8221; images=&#8221;7039&#8243; img_size=&#8221;200&#215;300&#8243; onclick=&#8221;custom_link&#8221; custom_links_target=&#8221;_blank&#8221; custom_links=&#8221;#E-8_aHR0cHMlM0ElMkYlMkZhcmNvcmEuZGUlMkZkZSUyRndwLWNvbnRlbnQlMkZ1cGxvYWRzJTJGMjAyMCUyRjExJTJGWmVydGlmaWthdC1BcXVhcG93ZXItUmVnaW9uLVN1ZWQucGRm&#8221;][vc_btn title=&#8221;herunterladen&#8221; style=&#8221;flat&#8221; color=&#8221;turquoise&#8221; link=&#8221;url:https%3A%2F%2Farcora.de%2Fde%2Fwp-content%2Fuploads%2F2020%2F11%2FZertifikat-Aquapower-Region-Sued.pdf|target:_blank&#8221;][\/vc_column_inner][vc_column_inner width=&#8221;1\/6&#8243;][\/vc_column_inner][vc_column_inner width=&#8221;1\/6&#8243;][\/vc_column_inner][vc_column_inner width=&#8221;1\/6&#8243;][\/vc_column_inner][vc_column_inner width=&#8221;1\/6&#8243;][\/vc_column_inner][vc_column_inner width=&#8221;1\/6&#8243;][\/vc_column_inner][\/vc_row_inner][\/vc_tta_section][vc_tta_section title=&#8221;VERRA ZERTIFIKAT&#8221; tab_id=&#8221;1625839908279-d8228ff5-ca2f&#8221;][vc_row_inner][vc_column_inner width=&#8221;1\/6&#8243;][vc_gallery type=&#8221;image_grid&#8221; images=&#8221;7043&#8243; img_size=&#8221;200&#215;300&#8243; onclick=&#8221;custom_link&#8221; custom_links_target=&#8221;_blank&#8221; custom_links=&#8221;#E-8_aHR0cHMlM0ElMkYlMkZhcmNvcmEuZGUlMkZkZSUyRndwLWNvbnRlbnQlMkZ1cGxvYWRzJTJGMjAyMSUyRjA3JTJGQ2VydGlmaWNhdGVfRW5nbGlzaF8xMzYyMzgucGRm&#8221;][vc_btn title=&#8221;herunterladen&#8221; style=&#8221;flat&#8221; color=&#8221;turquoise&#8221; link=&#8221;url:https%3A%2F%2Farcora.de%2Fde%2Fwp-content%2Fuploads%2F2021%2F07%2FCertificate_English_136238.pdf|target:_blank&#8221;][\/vc_column_inner][vc_column_inner width=&#8221;1\/6&#8243;][\/vc_column_inner][vc_column_inner width=&#8221;1\/6&#8243;][\/vc_column_inner][vc_column_inner width=&#8221;1\/6&#8243;][\/vc_column_inner][vc_column_inner width=&#8221;1\/6&#8243;][\/vc_column_inner][vc_column_inner width=&#8221;1\/6&#8243;][\/vc_column_inner][\/vc_row_inner][\/vc_tta_section][vc_tta_section title=&#8221;ALLIANZ F\u00dcR ENTWICKLUNG UND KLIMA&#8221; tab_id=&#8221;1625840329979-eb3ed9dc-2696&#8243;][vc_row_inner][vc_column_inner width=&#8221;1\/6&#8243;][vc_gallery type=&#8221;image_grid&#8221; images=&#8221;7050&#8243; img_size=&#8221;200&#215;300&#8243; onclick=&#8221;custom_link&#8221; custom_links_target=&#8221;_blank&#8221; custom_links=&#8221;#E-8_aHR0cHMlM0ElMkYlMkZhcmNvcmEuZGUlMkZkZSUyRndwLWNvbnRlbnQlMkZ1cGxvYWRzJTJGMjAyMSUyRjA3JTJGVXJrdW5kZV9BbGxpYW56LWZ1ZXItRW50d2lja2x1bmctdW5kLUtsaW1hLnBkZg==&#8221;][vc_btn title=&#8221;herunterladen&#8221; style=&#8221;flat&#8221; color=&#8221;turquoise&#8221; link=&#8221;url:https%3A%2F%2Farcora.de%2Fde%2Fwp-content%2Fuploads%2F2021%2F07%2FUrkunde_Allianz-fuer-Entwicklung-und-Klima.pdf|target:_blank&#8221;][\/vc_column_inner][vc_column_inner width=&#8221;1\/6&#8243;][\/vc_column_inner][vc_column_inner width=&#8221;1\/6&#8243;][\/vc_column_inner][vc_column_inner width=&#8221;1\/6&#8243;][\/vc_column_inner][vc_column_inner width=&#8221;1\/6&#8243;][\/vc_column_inner][vc_column_inner width=&#8221;1\/6&#8243;][\/vc_column_inner][\/vc_row_inner][\/vc_tta_section][vc_tta_section title=&#8221;KLIMANEUTRALER PAKETVERSAND&#8221; tab_id=&#8221;1625840602080-cfbfbcab-6d04&#8243;][vc_row_inner][vc_column_inner width=&#8221;1\/6&#8243;][vc_gallery type=&#8221;image_grid&#8221; images=&#8221;7052&#8243; img_size=&#8221;200&#215;300&#8243; onclick=&#8221;custom_link&#8221; custom_links_target=&#8221;_blank&#8221; custom_links=&#8221;#E-8_aHR0cHMlM0ElMkYlMkZhcmNvcmEuZGUlMkZkZSUyRndwLWNvbnRlbnQlMkZ1cGxvYWRzJTJGMjAyMSUyRjA3JTJGMjAyMDA3MjRfSW5mb2dyYWZpa19ERV9FLVNob3BwZXIucGRm&#8221;][vc_btn title=&#8221;herunterladen&#8221; style=&#8221;flat&#8221; color=&#8221;turquoise&#8221; link=&#8221;url:https%3A%2F%2Farcora.de%2Fde%2Fwp-content%2Fuploads%2F2021%2F07%2F20200724_Infografik_DE_E-Shopper.pdf|target:_blank&#8221;][\/vc_column_inner][vc_column_inner width=&#8221;1\/6&#8243;][\/vc_column_inner][vc_column_inner width=&#8221;1\/6&#8243;][\/vc_column_inner][vc_column_inner width=&#8221;1\/6&#8243;][\/vc_column_inner][vc_column_inner width=&#8221;1\/6&#8243;][\/vc_column_inner][vc_column_inner width=&#8221;1\/6&#8243;][\/vc_column_inner][\/vc_row_inner][\/vc_tta_section][vc_tta_section title=&#8221;E.ON REGIONALSTROM-BAYERN&#8221; tab_id=&#8221;1625841035195-80bfda37-0613&#8243;][vc_row_inner][vc_column_inner width=&#8221;1\/6&#8243;][vc_gallery type=&#8221;image_grid&#8221; images=&#8221;7054&#8243; img_size=&#8221;200&#215;300&#8243; onclick=&#8221;custom_link&#8221; custom_links_target=&#8221;_blank&#8221; custom_links=&#8221;#E-8_aHR0cHMlM0ElMkYlMkZhcmNvcmEuZGUlMkZkZSUyRndwLWNvbnRlbnQlMkZ1cGxvYWRzJTJGMjAyMSUyRjA3JTJGRS5PTi1aZXJ0aWZpa2F0LVJlZ2lvbmFsc3Ryb20tQmF5ZXJuLnBkZg==&#8221;][vc_btn title=&#8221;herunterladen&#8221; style=&#8221;flat&#8221; color=&#8221;turquoise&#8221; link=&#8221;url:https%3A%2F%2Farcora.de%2Fde%2Fwp-content%2Fuploads%2F2021%2F07%2FE.ON-Zertifikat-Regionalstrom-Bayern.pdf|target:_blank&#8221;][\/vc_column_inner][vc_column_inner width=&#8221;1\/6&#8243;][\/vc_column_inner][vc_column_inner width=&#8221;1\/6&#8243;][\/vc_column_inner][vc_column_inner width=&#8221;1\/6&#8243;][\/vc_column_inner][vc_column_inner width=&#8221;1\/6&#8243;][\/vc_column_inner][vc_column_inner width=&#8221;1\/6&#8243;][\/vc_column_inner][\/vc_row_inner][\/vc_tta_section][\/vc_tta_tabs][\/vc_column][\/vc_row][vc_row][vc_column][vc_empty_space][\/vc_column][\/vc_row]<\/p>\n","protected":false},"excerpt":{"rendered":"<p>[vc_row][vc_column][vc_custom_heading text=&#8221;WIR BIETEN H\u00d6CHSTE QUALIT\u00c4T&#8221; font_container=&#8221;tag:h1|font_size:44|text_align:left|color:%23a0a0a0&#8243; google_fonts=&#8221;font_family:Lato%3A100%2C100italic%2C300%2C300italic%2Cregular%2Citalic%2C700%2C700italic%2C900%2C900italic|font_style:700%20bold%20regular%3A700%3Anormal&#8221;][separator width=&#8221;100%&#8221; height=&#8221;1px&#8221; color=&#8221;#11787f&#8221;][\/vc_column][\/vc_row][vc_row][vc_column][vc_tta_tabs style=&#8221;modern&#8221; spacing=&#8221;2&#8243; gap=&#8221;1&#8243; active_section=&#8221;1&#8243; no_fill_content_area=&#8221;true&#8221;][vc_tta_section title=&#8221;ISO 9001 | 14001&#8243; tab_id=&#8221;1609753264861-8cba282f-5883&#8243;][vc_row_inner disable_element=&#8221;yes&#8221;][vc_column_inner width=&#8221;1\/6&#8243;][\/vc_column_inner][vc_column_inner width=&#8221;1\/6&#8243;][\/vc_column_inner][vc_column_inner width=&#8221;1\/6&#8243;][\/vc_column_inner][vc_column_inner width=&#8221;1\/6&#8243;][\/vc_column_inner][\/vc_row_inner][vc_row_inner][vc_column_inner width=&#8221;1\/6&#8243;][\/vc_column_inner][vc_column_inner width=&#8221;5\/6&#8243;][\/vc_column_inner][\/vc_row_inner][\/vc_tta_section][vc_tta_section title=&#8221;CSR 26001:2018&#8243; tab_id=&#8221;1638365931956-c7fd9933-fb56&#8243;][vc_row_inner disable_element=&#8221;yes&#8221;][vc_column_inner width=&#8221;1\/6&#8243;][\/vc_column_inner][vc_column_inner width=&#8221;1\/6&#8243;][\/vc_column_inner][vc_column_inner width=&#8221;1\/6&#8243;][\/vc_column_inner][vc_column_inner width=&#8221;1\/6&#8243;][\/vc_column_inner][\/vc_row_inner][vc_row_inner][vc_column_inner width=&#8221;1\/6&#8243;][\/vc_column_inner][vc_column_inner width=&#8221;5\/6&#8243;][\/vc_column_inner][\/vc_row_inner][\/vc_tta_section][vc_tta_section title=&#8221;INNOVATION AWARD INTERCLEAN 2022&#8243; tab_id=&#8221;1679411348701-4f1e1565-cfb8&#8243;][vc_row_inner][vc_column_inner width=&#8221;1\/6&#8243;][vc_gallery type=&#8221;image_grid&#8221; images=&#8221;7624&#8243; img_size=&#8221;200&#215;300&#8243; onclick=&#8221;custom_link&#8221; custom_links_target=&#8221;_blank&#8221; custom_links=&#8221;#E-8_aHR0cHMlM0ElMkYlMkZhcmNvcmFmdXR1cmUuY29tJTJGZGUlMkZ3cC1jb250ZW50JTJGdXBsb2FkcyUyRjIwMjMlMkYwMyUyRklOVEVSQ0xFQU4tQ0VSVC0yMDIwLTIxMHgzMDAtMDMwNTIyLXYxLTMucGRm&#8221;][vc_btn title=&#8221;herunterladen&#8221; style=&#8221;flat&#8221; color=&#8221;turquoise&#8221; link=&#8221;url:https%3A%2F%2Farcorafuture.com%2Fde%2Fwp-content%2Fuploads%2F2023%2F03%2FINTERCLEAN-CERT-2020-210&#215;300-030522-v1-3.pdf|target:_blank&#8221;][\/vc_column_inner][vc_column_inner width=&#8221;1\/6&#8243;][\/vc_column_inner][vc_column_inner width=&#8221;1\/6&#8243;][\/vc_column_inner][vc_column_inner [&hellip;]<\/p>\n","protected":false},"author":1,"featured_media":0,"parent":0,"menu_order":0,"comment_status":"closed","ping_status":"closed","template":"","meta":{"footnotes":""},"class_list":["post-6910","page","type-page","status-publish","hentry"],"_links":{"self":[{"href":"https:\/\/arcorafuture.com\/de\/wp-json\/wp\/v2\/pages\/6910","targetHints":{"allow":["GET"]}}],"collection":[{"href":"https:\/\/arcorafuture.com\/de\/wp-json\/wp\/v2\/pages"}],"about":[{"href":"https:\/\/arcorafuture.com\/de\/wp-json\/wp\/v2\/types\/page"}],"author":[{"embeddable":true,"href":"https:\/\/arcorafuture.com\/de\/wp-json\/wp\/v2\/users\/1"}],"replies":[{"embeddable":true,"href":"https:\/\/arcorafuture.com\/de\/wp-json\/wp\/v2\/comments?post=6910"}],"version-history":[{"count":78,"href":"https:\/\/arcorafuture.com\/de\/wp-json\/wp\/v2\/pages\/6910\/revisions"}],"predecessor-version":[{"id":7643,"href":"https:\/\/arcorafuture.com\/de\/wp-json\/wp\/v2\/pages\/6910\/revisions\/7643"}],"wp:attachment":[{"href":"https:\/\/arcorafuture.com\/de\/wp-json\/wp\/v2\/media?parent=6910"}],"curies":[{"name":"wp","href":"https:\/\/api.w.org\/{rel}","templated":true}]}}