{"id":6760,"date":"2021-06-21T17:15:16","date_gmt":"2021-06-21T15:15:16","guid":{"rendered":"https:\/\/arcorafuture.com\/de\/?page_id=6760"},"modified":"2021-09-13T15:27:48","modified_gmt":"2021-09-13T13:27:48","slug":"pop-opera-eine-tasse-kaffee","status":"publish","type":"page","link":"https:\/\/arcorafuture.com\/de\/pop-opera-eine-tasse-kaffee\/","title":{"rendered":"Pop Opera &#8220;Eine Tasse Kaffee&#8221;"},"content":{"rendered":"<p>[vc_row][vc_column][vc_custom_heading text=&#8221;EINE TASSE KAFFE&#8221; font_container=&#8221;tag:h1|font_size:44|text_align:left|color:%23a0a0a0&#8243; google_fonts=&#8221;font_family:Lato%3A100%2C100italic%2C300%2C300italic%2Cregular%2Citalic%2C700%2C700italic%2C900%2C900italic|font_style:700%20bold%20regular%3A700%3Anormal&#8221;][separator width=&#8221;100%&#8221; height=&#8221;1px&#8221; color=&#8221;#11787f&#8221;][\/vc_column][\/vc_row][vc_row][vc_column width=&#8221;2\/3&#8243;][vc_text_separator title=&#8221;Pop Oper in 2 Akten&#8221; title_align=&#8221;separator_align_left&#8221; align=&#8221;align_left&#8221;][vc_column_text]<span style=\"color: #000000;\">Die Idee zu dieser Pop-Oper stammte von Herrn Sami Memili und Herrn Temel Nal, die seit Jahren freundschaftlich verbunden sind. Die nie an Aktualit\u00e4t verlierenden Themen der Migration und Bildung, der Wichtigkeit, an seinen Visionen und Tr\u00e4umen festzuhalten und trotz aller Widrigkeiten hierf\u00fcr zu k\u00e4mpfen sollten in einem musikalischen Werk den Menschen n\u00e4hergebracht werden. Und als Grundlage hierf\u00fcr wurde die eigene Lebensgeschichte des Stiftungsgr\u00fcnders Sami Memili genommen. <\/span><\/p>\n<p>Als Komponisten und Textschreiber konnten die Operns\u00e4nger und Musiker Selena und Mert G\u00f6khan \u00d6ztaner gewonnen werden, die durch gro\u00dfz\u00fcgiges Sponsoring der ARCORA International GmbH \u00fcber einen Zeitraum von fast drei Jahren dieses Werk mit dem Titel \u201eEINE TASSE KAFFE\u201c \u00a0verfasst, komponiert und in einer ersten Fassung vertont haben.[\/vc_column_text][vc_empty_space height=&#8221;20&#8243;][vc_btn title=&#8221;Zur Webseite&#8221; style=&#8221;custom&#8221; custom_text=&#8221;#278282&#8243; i_icon_fontawesome=&#8221;fas fa-globe&#8221; add_icon=&#8221;true&#8221; link=&#8221;url:http%3A%2F%2Feinetassekaffee.com%2FEine_Tasse_Kaffee%2FPop_Oper_Eine_Tasse_Kaffee.html|target:_blank&#8221;][\/vc_column][vc_column width=&#8221;1\/3&#8243;][vc_column_text]<strong>Personenbesetzung:<\/strong><br \/>\nMelek (Sopran)<br \/>\nSeray (Sopran)<br \/>\nYasemin (Sopran)<br \/>\nBabaanne\/Gro\u00dfmutter (Mezzo Sopran \/ Alt)<br \/>\nSami (Bariton)<br \/>\nHasan (Bass \/ Bassbariton)<br \/>\nEmin (Tenor)<br \/>\n\u00c7ocuk\/Kleiner Sami (Kind &#8211; Sopran)<br \/>\nBahnbediensteter (Sprechrolle)<br \/>\nIdil, Aysel, Nuran, Mine (Melek\u2019s Mitbewohner im Wohnheim &#8211; Sprechrollen)<br \/>\nKenan, Ercan (Sami\u2019s Br\u00fcder &#8211; Sprechrollen)<br \/>\nSami\u2019s Tante (Sprechrolle)<\/p>\n<p><strong>Chor:<\/strong><br \/>\nSopran, Alt, Tenor, Bass[\/vc_column_text][\/vc_column][\/vc_row]<\/p>\n","protected":false},"excerpt":{"rendered":"<p>[vc_row][vc_column][vc_custom_heading text=&#8221;EINE TASSE KAFFE&#8221; font_container=&#8221;tag:h1|font_size:44|text_align:left|color:%23a0a0a0&#8243; google_fonts=&#8221;font_family:Lato%3A100%2C100italic%2C300%2C300italic%2Cregular%2Citalic%2C700%2C700italic%2C900%2C900italic|font_style:700%20bold%20regular%3A700%3Anormal&#8221;][separator width=&#8221;100%&#8221; height=&#8221;1px&#8221; color=&#8221;#11787f&#8221;][\/vc_column][\/vc_row][vc_row][vc_column width=&#8221;2\/3&#8243;][vc_text_separator title=&#8221;Pop Oper in 2 Akten&#8221; title_align=&#8221;separator_align_left&#8221; align=&#8221;align_left&#8221;][vc_column_text]Die Idee zu dieser Pop-Oper stammte von Herrn Sami Memili und Herrn Temel Nal, die seit Jahren freundschaftlich verbunden sind. Die nie an Aktualit\u00e4t verlierenden Themen der Migration und Bildung, der Wichtigkeit, an seinen Visionen und Tr\u00e4umen festzuhalten und [&hellip;]<\/p>\n","protected":false},"author":1,"featured_media":0,"parent":0,"menu_order":0,"comment_status":"closed","ping_status":"closed","template":"","meta":{"footnotes":""},"class_list":["post-6760","page","type-page","status-publish","hentry"],"_links":{"self":[{"href":"https:\/\/arcorafuture.com\/de\/wp-json\/wp\/v2\/pages\/6760","targetHints":{"allow":["GET"]}}],"collection":[{"href":"https:\/\/arcorafuture.com\/de\/wp-json\/wp\/v2\/pages"}],"about":[{"href":"https:\/\/arcorafuture.com\/de\/wp-json\/wp\/v2\/types\/page"}],"author":[{"embeddable":true,"href":"https:\/\/arcorafuture.com\/de\/wp-json\/wp\/v2\/users\/1"}],"replies":[{"embeddable":true,"href":"https:\/\/arcorafuture.com\/de\/wp-json\/wp\/v2\/comments?post=6760"}],"version-history":[{"count":12,"href":"https:\/\/arcorafuture.com\/de\/wp-json\/wp\/v2\/pages\/6760\/revisions"}],"predecessor-version":[{"id":7418,"href":"https:\/\/arcorafuture.com\/de\/wp-json\/wp\/v2\/pages\/6760\/revisions\/7418"}],"wp:attachment":[{"href":"https:\/\/arcorafuture.com\/de\/wp-json\/wp\/v2\/media?parent=6760"}],"curies":[{"name":"wp","href":"https:\/\/api.w.org\/{rel}","templated":true}]}}