{"id":6758,"date":"2021-06-21T17:14:14","date_gmt":"2021-06-21T15:14:14","guid":{"rendered":"https:\/\/arcorafuture.com\/de\/?page_id=6758"},"modified":"2021-09-13T15:25:15","modified_gmt":"2021-09-13T13:25:15","slug":"fotokuenstler-temel-nal","status":"publish","type":"page","link":"https:\/\/arcorafuture.com\/de\/fotokuenstler-temel-nal\/","title":{"rendered":"Fotok\u00fcnstler Temel Nal"},"content":{"rendered":"<p>[vc_row][vc_column][vc_custom_heading text=&#8221;TEMEL NAL&#8221; font_container=&#8221;tag:h1|font_size:44|text_align:left|color:%23a0a0a0&#8243; google_fonts=&#8221;font_family:Lato%3A100%2C100italic%2C300%2C300italic%2Cregular%2Citalic%2C700%2C700italic%2C900%2C900italic|font_style:700%20bold%20regular%3A700%3Anormal&#8221;][separator width=&#8221;100%&#8221; height=&#8221;1px&#8221; color=&#8221;#278282&#8243;][\/vc_column][\/vc_row][vc_row][vc_column width=&#8221;2\/3&#8243; css=&#8221;.vc_custom_1626109008265{margin-top: -50px !important;}&#8221;][vc_column_text]<img loading=\"lazy\" decoding=\"async\" class=\" wp-image-6939 alignleft\" src=\"https:\/\/arcorafuture.com\/de\/wp-content\/uploads\/2021\/07\/tnal.jpg\" alt=\"\" width=\"127\" height=\"159\" srcset=\"https:\/\/arcorafuture.com\/de\/wp-content\/uploads\/2021\/07\/tnal.jpg 419w, https:\/\/arcorafuture.com\/de\/wp-content\/uploads\/2021\/07\/tnal-239x300.jpg 239w\" sizes=\"auto, (max-width: 127px) 100vw, 127px\" \/><\/p>\n<p><span style=\"color: #000000;\">Durch den Ankauf der Werke als Sammler, Mentor und Sponsor\u00a0 der ersten Stunde hat der Stiftungsgr\u00fcnder Sami Memili einen wesentlichen Beitrag f\u00fcr die Karriere des K\u00fcnstlers Temel Nal geleistet. Als einer der ersten erkannte er die weltweit einmalige Ausdrucksweise und Technik dieses Fotografen, der allein mit seiner Kamera und nicht erst am Computer impressionistische Werke schafft, die zwischen Malerei und Fotografie einzuordnen sind. <\/span><\/p>\n<p><span style=\"color: #000000;\">Inzwischen ist er international erfolgreich und wird in Weltst\u00e4dten wie in New York, Miami, Florenz, Venedig, Mailand, Monaco, Montreal, Istanbul und Wien ausgestellt und von mehreren Galerien vertreten. Sehr spannend sind seine neuesten Serien \u201eMasks\u201c, \u201eBlueWoman\u201c und \u201eDataWorld\u201c, in denen er aktuelle Themen wie die Corona-Pandemie, die immer weiter voranschreitende Entfremdung der Menschen von ihrem nat\u00fcrlichem Umfeld und die Digitalisierung k\u00fcnstlerisch verarbeitet.<\/span>[\/vc_column_text][vc_row_inner][vc_column_inner][vc_column_text]\u00a9 Copyright 2021 &#8211;\u00a0TEMEL NAL[\/vc_column_text][\/vc_column_inner][\/vc_row_inner][vc_row_inner][vc_column_inner][vc_gallery type=&#8221;image_grid&#8221; images=&#8221;7315,7316,7317,7318,7319,7320,7321,7322,7323,7324,7325,7326,7327,7328,7329&#8243; img_size=&#8221;100&#8243; css=&#8221;.vc_custom_1630663697823{margin-left: -15px !important;}&#8221;][\/vc_column_inner][\/vc_row_inner][vc_empty_space height=&#8221;30&#8243;][vc_btn title=&#8221;Zur Webseite&#8221; style=&#8221;custom&#8221; custom_text=&#8221;#278282&#8243; i_icon_fontawesome=&#8221;fas fa-globe&#8221; add_icon=&#8221;true&#8221; link=&#8221;url:https%3A%2F%2Ftemelnal.de|target:_blank&#8221;][\/vc_column][vc_column width=&#8221;1\/3&#8243; css=&#8221;.vc_custom_1630662271651{margin-top: -32px !important;}&#8221;][vc_column_text]<img loading=\"lazy\" decoding=\"async\" class=\"alignnone size-full wp-image-7308\" src=\"https:\/\/arcorafuture.com\/de\/wp-content\/uploads\/2021\/09\/temelnal2.jpg\" alt=\"\" width=\"761\" height=\"518\" srcset=\"https:\/\/arcorafuture.com\/de\/wp-content\/uploads\/2021\/09\/temelnal2.jpg 761w, https:\/\/arcorafuture.com\/de\/wp-content\/uploads\/2021\/09\/temelnal2-300x204.jpg 300w\" sizes=\"auto, (max-width: 761px) 100vw, 761px\" \/>[\/vc_column_text][vc_column_text]\u201cI am a photographic artist. My work is impressionistic and underpins a world released from everyday reality. None of my photos are digitally manipulated. None of it is computer-generated imagery. My images are the direct result of the impressions I have when shooting.<\/p>\n<p>I use a unique photographic technique which I developed with time and lots of trial and error! Over the years I have reached a point where I can say that I \u201cpaint\u201d with my camera. I try to capture the infinite variations of our everyday reality, releasing colour from its form. The result is a colour-dominated impressionistic world.<\/p>\n<p>Out of this world, I create single shots, or increasingly, themed series such as The Mask Series, Blue Lady Series,\u00a0or currently, The Data Series, where I am investigating the avalanche and overwhelming invasion of technological data into our lives. I want and need to reach people emotively, with my work and ideas. The camera is the tool I have chosen to achieve this.\u201d<\/p>\n<p>Temel Nal, 2021[\/vc_column_text][\/vc_column][\/vc_row]<\/p>\n","protected":false},"excerpt":{"rendered":"<p>[vc_row][vc_column][vc_custom_heading text=&#8221;TEMEL NAL&#8221; font_container=&#8221;tag:h1|font_size:44|text_align:left|color:%23a0a0a0&#8243; google_fonts=&#8221;font_family:Lato%3A100%2C100italic%2C300%2C300italic%2Cregular%2Citalic%2C700%2C700italic%2C900%2C900italic|font_style:700%20bold%20regular%3A700%3Anormal&#8221;][separator width=&#8221;100%&#8221; height=&#8221;1px&#8221; color=&#8221;#278282&#8243;][\/vc_column][\/vc_row][vc_row][vc_column width=&#8221;2\/3&#8243; css=&#8221;.vc_custom_1626109008265{margin-top: -50px !important;}&#8221;][vc_column_text] Durch den Ankauf der Werke als Sammler, Mentor und Sponsor\u00a0 der ersten Stunde hat der Stiftungsgr\u00fcnder Sami Memili einen wesentlichen Beitrag f\u00fcr die Karriere des K\u00fcnstlers Temel Nal geleistet. Als einer der ersten erkannte er die weltweit einmalige Ausdrucksweise und Technik dieses Fotografen, [&hellip;]<\/p>\n","protected":false},"author":1,"featured_media":0,"parent":0,"menu_order":0,"comment_status":"closed","ping_status":"closed","template":"","meta":{"footnotes":""},"class_list":["post-6758","page","type-page","status-publish","hentry"],"_links":{"self":[{"href":"https:\/\/arcorafuture.com\/de\/wp-json\/wp\/v2\/pages\/6758","targetHints":{"allow":["GET"]}}],"collection":[{"href":"https:\/\/arcorafuture.com\/de\/wp-json\/wp\/v2\/pages"}],"about":[{"href":"https:\/\/arcorafuture.com\/de\/wp-json\/wp\/v2\/types\/page"}],"author":[{"embeddable":true,"href":"https:\/\/arcorafuture.com\/de\/wp-json\/wp\/v2\/users\/1"}],"replies":[{"embeddable":true,"href":"https:\/\/arcorafuture.com\/de\/wp-json\/wp\/v2\/comments?post=6758"}],"version-history":[{"count":45,"href":"https:\/\/arcorafuture.com\/de\/wp-json\/wp\/v2\/pages\/6758\/revisions"}],"predecessor-version":[{"id":7417,"href":"https:\/\/arcorafuture.com\/de\/wp-json\/wp\/v2\/pages\/6758\/revisions\/7417"}],"wp:attachment":[{"href":"https:\/\/arcorafuture.com\/de\/wp-json\/wp\/v2\/media?parent=6758"}],"curies":[{"name":"wp","href":"https:\/\/api.w.org\/{rel}","templated":true}]}}