{"id":6755,"date":"2021-06-21T17:12:50","date_gmt":"2021-06-21T15:12:50","guid":{"rendered":"https:\/\/arcorafuture.com\/de\/?page_id=6755"},"modified":"2024-11-06T14:40:38","modified_gmt":"2024-11-06T13:40:38","slug":"drei-saeulen-der-nachhaltigkeit","status":"publish","type":"page","link":"https:\/\/arcorafuture.com\/de\/drei-saeulen-der-nachhaltigkeit\/","title":{"rendered":"Drei-S\u00e4ulen der Nachhaltigkeit"},"content":{"rendered":"<p>[vc_row][vc_column][vc_custom_heading text=&#8221;UNSERE GEMEINSAME ZUKUNFT&#8221; font_container=&#8221;tag:h1|font_size:44|text_align:left|color:%23a0a0a0&#8243; google_fonts=&#8221;font_family:Lato%3A100%2C100italic%2C300%2C300italic%2Cregular%2Citalic%2C700%2C700italic%2C900%2C900italic|font_style:700%20bold%20regular%3A700%3Anormal&#8221;][separator width=&#8221;100%&#8221; height=&#8221;1px&#8221; color=&#8221;#057b7f&#8221;][\/vc_column][\/vc_row][vc_row][vc_column width=&#8221;1\/3&#8243;][vc_gallery type=&#8221;image_grid&#8221; images=&#8221;7647&#8243; img_size=&#8221;400&#8243; onclick=&#8221;&#8221;][\/vc_column][vc_column width=&#8221;1\/3&#8243;][vc_column_text]<\/p>\n<h3><strong>SOZIAL<\/strong><\/h3>\n<ul>\n<li><span style=\"color: #000000;\">ARCORA Afrika-Stiftung<\/span><\/li>\n<li><span style=\"color: #000000;\">Sponsoring von Sportvereinen<\/span><\/li>\n<li><span style=\"color: #000000;\">Werkst\u00e4tten f\u00fcr Menschen mit Beeintr\u00e4chtigung<\/span><\/li>\n<li><span style=\"color: #000000;\">Kooperation mit Hochschule<\/span><\/li>\n<\/ul>\n<p>[\/vc_column_text][vc_column_text css=&#8221;.vc_custom_1730900475923{margin-top: -20px !important;}&#8221;]<\/p>\n<h3><strong>\u00d6KONOMISCH<\/strong><\/h3>\n<ul>\n<li><span style=\"color: #000000;\">Klimaneutrales Unternehmen<\/span><\/li>\n<\/ul>\n<p>[\/vc_column_text][vc_column_text css=&#8221;.vc_custom_1631533233443{margin-top: -20px !important;}&#8221;]<\/p>\n<h3><strong>\u00d6KOLOGISCH<\/strong><\/h3>\n<ul>\n<li><span style=\"color: #000000;\">Sparsamer Umgang mit Ressourcen<\/span><\/li>\n<li><span style=\"color: #000000;\">Reduktion von Abfall<\/span><\/li>\n<li><span style=\"color: #000000;\">Wiederverwertung von Reststoffen<\/span><\/li>\n<\/ul>\n<p>[\/vc_column_text][\/vc_column][vc_column width=&#8221;1\/3&#8243;][\/vc_column][\/vc_row][vc_row][vc_column css=&#8221;.vc_custom_1631533620877{margin-top: -35px !important;}&#8221;][vc_column_text]<\/p>\n<h2>GELEBTE FIRMENTRADITION BEI ARCORA GROUP<\/h2>\n<p>Wir sind ein International agierendes Unternehmen und tragen damit gegen\u00fcber den Menschen, unserer Umwelt und der Gesellschaft eine besondere Verantwortung. Nachhaltigkeit leben wir jeden Tag und definieren unsere Einstellung mit dem Leitsatz: \u201eF\u00fcr Generationen etwas bewirken\u201c. Gesundheitsschutz und soziale Verantwortung geh\u00f6ren f\u00fcr uns ebenso selbstverst\u00e4ndlich dazu. Im Brundtland-Bericht der Weltkommission f\u00fcr Umwelt und Entwicklung ist das Drei-S\u00e4ulen-Modell zur nachhaltigen Entwicklung beschrieben. Daran orientieren auch wir uns f\u00fcr unser Handeln, um uns stetig zu verbessern:<\/p>\n<ul>\n<li>Soziale Nachhaltigkeit:<br \/>\nWir setzen uns im Sinne der Corporate Social Responsibility f\u00fcr die Menschen im Unternehmen und in der Gesellschaft als Ganzem ein.<\/li>\n<li>\u00d6konomische Nachhaltigkeit:<br \/>\nQualit\u00e4t, Service, Innovation und weitere Faktoren bilden f\u00fcr uns die Basis, auf der wir kontinuierlich wachsen.<\/li>\n<li>\u00d6kologische Nachhaltigkeit:<br \/>\nWir sch\u00fctzen die Umwelt und die nat\u00fcrlichen Lebensgrundlagen beim Produzieren, Vertreiben und Verbrauchen unserer Produkte.<\/li>\n<\/ul>\n<p>[\/vc_column_text][\/vc_column][\/vc_row]<\/p>\n","protected":false},"excerpt":{"rendered":"<p>[vc_row][vc_column][vc_custom_heading text=&#8221;UNSERE GEMEINSAME ZUKUNFT&#8221; font_container=&#8221;tag:h1|font_size:44|text_align:left|color:%23a0a0a0&#8243; google_fonts=&#8221;font_family:Lato%3A100%2C100italic%2C300%2C300italic%2Cregular%2Citalic%2C700%2C700italic%2C900%2C900italic|font_style:700%20bold%20regular%3A700%3Anormal&#8221;][separator width=&#8221;100%&#8221; height=&#8221;1px&#8221; color=&#8221;#057b7f&#8221;][\/vc_column][\/vc_row][vc_row][vc_column width=&#8221;1\/3&#8243;][vc_gallery type=&#8221;image_grid&#8221; images=&#8221;7647&#8243; img_size=&#8221;400&#8243; onclick=&#8221;&#8221;][\/vc_column][vc_column width=&#8221;1\/3&#8243;][vc_column_text] SOZIAL ARCORA Afrika-Stiftung Sponsoring von Sportvereinen Werkst\u00e4tten f\u00fcr Menschen mit Beeintr\u00e4chtigung Kooperation mit Hochschule [\/vc_column_text][vc_column_text css=&#8221;.vc_custom_1730900475923{margin-top: -20px !important;}&#8221;] \u00d6KONOMISCH Klimaneutrales Unternehmen [\/vc_column_text][vc_column_text css=&#8221;.vc_custom_1631533233443{margin-top: -20px !important;}&#8221;] \u00d6KOLOGISCH Sparsamer Umgang mit Ressourcen Reduktion von Abfall Wiederverwertung von Reststoffen [\/vc_column_text][\/vc_column][vc_column width=&#8221;1\/3&#8243;][\/vc_column][\/vc_row][vc_row][vc_column css=&#8221;.vc_custom_1631533620877{margin-top: -35px [&hellip;]<\/p>\n","protected":false},"author":1,"featured_media":0,"parent":0,"menu_order":0,"comment_status":"closed","ping_status":"closed","template":"","meta":{"footnotes":""},"class_list":["post-6755","page","type-page","status-publish","hentry"],"_links":{"self":[{"href":"https:\/\/arcorafuture.com\/de\/wp-json\/wp\/v2\/pages\/6755","targetHints":{"allow":["GET"]}}],"collection":[{"href":"https:\/\/arcorafuture.com\/de\/wp-json\/wp\/v2\/pages"}],"about":[{"href":"https:\/\/arcorafuture.com\/de\/wp-json\/wp\/v2\/types\/page"}],"author":[{"embeddable":true,"href":"https:\/\/arcorafuture.com\/de\/wp-json\/wp\/v2\/users\/1"}],"replies":[{"embeddable":true,"href":"https:\/\/arcorafuture.com\/de\/wp-json\/wp\/v2\/comments?post=6755"}],"version-history":[{"count":42,"href":"https:\/\/arcorafuture.com\/de\/wp-json\/wp\/v2\/pages\/6755\/revisions"}],"predecessor-version":[{"id":7648,"href":"https:\/\/arcorafuture.com\/de\/wp-json\/wp\/v2\/pages\/6755\/revisions\/7648"}],"wp:attachment":[{"href":"https:\/\/arcorafuture.com\/de\/wp-json\/wp\/v2\/media?parent=6755"}],"curies":[{"name":"wp","href":"https:\/\/api.w.org\/{rel}","templated":true}]}}