{"id":6752,"date":"2021-06-21T17:10:59","date_gmt":"2021-06-21T15:10:59","guid":{"rendered":"https:\/\/arcorafuture.com\/de\/?page_id=6752"},"modified":"2021-09-23T17:56:31","modified_gmt":"2021-09-23T15:56:31","slug":"klimaneutrales-unternehmen","status":"publish","type":"page","link":"https:\/\/arcorafuture.com\/de\/klimaneutrales-unternehmen\/","title":{"rendered":"Klimaneutrales Unternehmen"},"content":{"rendered":"<p>[vc_row][vc_column][vc_custom_heading text=&#8221;KONSEQUENT NACHHALTIG&#8221; font_container=&#8221;tag:h1|font_size:44|text_align:left|color:%23a0a0a0&#8243; google_fonts=&#8221;font_family:Lato%3A100%2C100italic%2C300%2C300italic%2Cregular%2Citalic%2C700%2C700italic%2C900%2C900italic|font_style:700%20bold%20regular%3A700%3Anormal&#8221;][separator width=&#8221;100%&#8221; height=&#8221;1px&#8221; color=&#8221;#057b7f&#8221;][\/vc_column][\/vc_row][vc_row][vc_column width=&#8221;2\/3&#8243;][vc_column_text]Als eines der ersten Unternehmen in unserer Branche arbeiten wir an unseren Standorten in Aschheim bei M\u00fcnchen und in unseren weltweiten Produktionsst\u00e4tten seit Mai 2021 klimaneutral. Viele gro\u00dfe und kleine Ma\u00dfnahmen haben mitgeholfen, dieses Ziel zu erreichen.<\/p>\n<p>Uns liegt unser Klimafu\u00dfabdruck vor und wir kennen die gro\u00dfen und kleinen Emissionsquellen.\u00a0Ganz wesentlich ist unser Gesch\u00e4ftsmodell, soviel wie m\u00f6glich Recyclingmaterialien statt Neuware f\u00fcr unsere innovativen Produkte zu verwenden und die Transportwege kurz zu halten. Damit haben wir einen deutlichen CO2-Vorteil gegen\u00fcber Produkte aus z.B. Asien.<\/p>\n<p>Ein weiterer wichtiger Faktor zur Verkleinerung unseres CO2-Fu\u00dfabdrucks war die Umstellung auf \u00d6kostrom, den wir seit 2021 nutzen. Au\u00dferdem wird unsere Ware klimaneutral an unsere Kunden durch einen Paketzusteller geliefert, welcher die Transportemissionen kompensiert.<\/p>\n<p>Und weil man Emissionen nicht von heute auf morgen komplett vermeiden kann, gleichen wir unsere derzeitge CO2-Bilanz \u00a0mit hochwertigen und zertifizierten internationalen Klimaschutzprojekten aus.<\/p>\n<p>F\u00fcr 2021 betragen die standortbezogenen Emissionen, die von uns freiwillig ausgeglichen wurden, 589 t CO2. Unser Klimaschutzbeitrag f\u00fcr die \u00a0Kompensation flie\u00dft in das Kariba REDD+ Forest Protection in Simbabwe, in ein Windkraftprojekt in Taiwan, in ein Biomasse- und ein Photovoltaikprojekt in Indien sowie ein Windkraftprojekt in der T\u00fcrkei.<\/p>\n<p>Damit sind wir zertifiziert klimaneutral durch CO2-Kompensation.<\/p>\n<p>Des weiterem sind wir Mitglied in der \u201eStiftung Allianz f\u00fcr Klima und Entwicklung&#8221; und verfolgen alle neuen Entwicklungen, um unsere Klimaoptimierung weiter voranzutreiben[\/vc_column_text][vc_btn title=&#8221;Zum Zertifikat&#8221; style=&#8221;custom&#8221; custom_text=&#8221;#278282&#8243; i_icon_fontawesome=&#8221;fas fa-globe&#8221; add_icon=&#8221;true&#8221; link=&#8221;url:https%3A%2F%2Fclimate-extender.de%2Fen%2Fcarbon-neutral-company%2Farcora-international-gmbh%2FDE-2873-0414|target:_blank&#8221;][\/vc_column][vc_column width=&#8221;1\/3&#8243;][vc_column_text]<img loading=\"lazy\" decoding=\"async\" class=\"alignnone wp-image-6691\" src=\"https:\/\/arcorafuture.com\/de\/wp-content\/uploads\/2021\/06\/Siegel-Klimaneutrales-Unternehmen-002.png\" alt=\"\" width=\"161\" height=\"161\" srcset=\"https:\/\/arcorafuture.com\/de\/wp-content\/uploads\/2021\/06\/Siegel-Klimaneutrales-Unternehmen-002.png 240w, https:\/\/arcorafuture.com\/de\/wp-content\/uploads\/2021\/06\/Siegel-Klimaneutrales-Unternehmen-002-150x150.png 150w\" sizes=\"auto, (max-width: 161px) 100vw, 161px\" \/>[\/vc_column_text][\/vc_column][\/vc_row]<\/p>\n","protected":false},"excerpt":{"rendered":"<p>[vc_row][vc_column][vc_custom_heading text=&#8221;KONSEQUENT NACHHALTIG&#8221; font_container=&#8221;tag:h1|font_size:44|text_align:left|color:%23a0a0a0&#8243; google_fonts=&#8221;font_family:Lato%3A100%2C100italic%2C300%2C300italic%2Cregular%2Citalic%2C700%2C700italic%2C900%2C900italic|font_style:700%20bold%20regular%3A700%3Anormal&#8221;][separator width=&#8221;100%&#8221; height=&#8221;1px&#8221; color=&#8221;#057b7f&#8221;][\/vc_column][\/vc_row][vc_row][vc_column width=&#8221;2\/3&#8243;][vc_column_text]Als eines der ersten Unternehmen in unserer Branche arbeiten wir an unseren Standorten in Aschheim bei M\u00fcnchen und in unseren weltweiten Produktionsst\u00e4tten seit Mai 2021 klimaneutral. Viele gro\u00dfe und kleine Ma\u00dfnahmen haben mitgeholfen, dieses Ziel zu erreichen. Uns liegt unser Klimafu\u00dfabdruck vor und wir kennen die gro\u00dfen [&hellip;]<\/p>\n","protected":false},"author":1,"featured_media":0,"parent":0,"menu_order":0,"comment_status":"closed","ping_status":"closed","template":"","meta":{"footnotes":""},"class_list":["post-6752","page","type-page","status-publish","hentry"],"_links":{"self":[{"href":"https:\/\/arcorafuture.com\/de\/wp-json\/wp\/v2\/pages\/6752","targetHints":{"allow":["GET"]}}],"collection":[{"href":"https:\/\/arcorafuture.com\/de\/wp-json\/wp\/v2\/pages"}],"about":[{"href":"https:\/\/arcorafuture.com\/de\/wp-json\/wp\/v2\/types\/page"}],"author":[{"embeddable":true,"href":"https:\/\/arcorafuture.com\/de\/wp-json\/wp\/v2\/users\/1"}],"replies":[{"embeddable":true,"href":"https:\/\/arcorafuture.com\/de\/wp-json\/wp\/v2\/comments?post=6752"}],"version-history":[{"count":18,"href":"https:\/\/arcorafuture.com\/de\/wp-json\/wp\/v2\/pages\/6752\/revisions"}],"predecessor-version":[{"id":7478,"href":"https:\/\/arcorafuture.com\/de\/wp-json\/wp\/v2\/pages\/6752\/revisions\/7478"}],"wp:attachment":[{"href":"https:\/\/arcorafuture.com\/de\/wp-json\/wp\/v2\/media?parent=6752"}],"curies":[{"name":"wp","href":"https:\/\/api.w.org\/{rel}","templated":true}]}}