{"id":6749,"date":"2021-06-21T17:03:59","date_gmt":"2021-06-21T15:03:59","guid":{"rendered":"https:\/\/arcorafuture.com\/de\/?page_id=6749"},"modified":"2021-09-13T14:59:44","modified_gmt":"2021-09-13T12:59:44","slug":"hochschulkooperationen","status":"publish","type":"page","link":"https:\/\/arcorafuture.com\/de\/hochschulkooperationen\/","title":{"rendered":"Hochschulkooperationen"},"content":{"rendered":"<p>[vc_row][vc_column][vc_custom_heading text=&#8221;KOOPERATIONEN MIT HOCHSCHULEN&#8221; font_container=&#8221;tag:h1|font_size:44|text_align:left|color:%23a0a0a0&#8243; google_fonts=&#8221;font_family:Lato%3A100%2C100italic%2C300%2C300italic%2Cregular%2Citalic%2C700%2C700italic%2C900%2C900italic|font_style:700%20bold%20regular%3A700%3Anormal&#8221;][separator width=&#8221;100%&#8221; height=&#8221;1px&#8221; color=&#8221;#11787f&#8221;][\/vc_column][\/vc_row][vc_row][vc_column width=&#8221;1\/2&#8243;][vc_column_text]<img loading=\"lazy\" decoding=\"async\" class=\"alignnone wp-image-6775 size-medium\" src=\"https:\/\/arcorafuture.com\/de\/wp-content\/uploads\/2021\/06\/HS-AlbSig-Logo-300x105.png\" alt=\"\" width=\"300\" height=\"105\" srcset=\"https:\/\/arcorafuture.com\/de\/wp-content\/uploads\/2021\/06\/HS-AlbSig-Logo-300x105.png 300w, https:\/\/arcorafuture.com\/de\/wp-content\/uploads\/2021\/06\/HS-AlbSig-Logo.png 588w\" sizes=\"auto, (max-width: 300px) 100vw, 300px\" \/>[\/vc_column_text][vc_column_text]Mit der Hochschule Albstadt-Sigmaringen, die den speziellen Studiengang Lebensmittel, Ern\u00e4hrung und Hygiene anbietet, haben wir einen kompatiblen Partner gefunden.<\/p>\n<p>Diese Fachrichtung besch\u00e4ftigt sich u.a. mit der Reinigungs- und Hygienetechnik. Wir bieten somit den Studierenden eine M\u00f6glichkeit auf ein Praktikum oder eine Bachelorthesis im Bereich Forschung und Entwicklung.[\/vc_column_text][\/vc_column][vc_column width=&#8221;1\/2&#8243;][vc_column_text]<img loading=\"lazy\" decoding=\"async\" class=\"aligncenter wp-image-6774 \" src=\"https:\/\/arcorafuture.com\/de\/wp-content\/uploads\/2021\/06\/HS-AlbSig.png\" alt=\"\" width=\"594\" height=\"326\" srcset=\"https:\/\/arcorafuture.com\/de\/wp-content\/uploads\/2021\/06\/HS-AlbSig.png 670w, https:\/\/arcorafuture.com\/de\/wp-content\/uploads\/2021\/06\/HS-AlbSig-300x164.png 300w\" sizes=\"auto, (max-width: 594px) 100vw, 594px\" \/>[\/vc_column_text][\/vc_column][\/vc_row][vc_row][vc_column][vc_custom_heading text=&#8221;Hygiene studieren in Hochschule Albstadt-Sigmaringen&#8221; font_container=&#8221;tag:h2|font_size:24|text_align:left|color:%23147f71&#8243; use_theme_fonts=&#8221;yes&#8221;][\/vc_column][\/vc_row][vc_row][vc_column css=&#8221;.vc_custom_1630660494462{margin-top: -40px !important;}&#8221;][vc_column_text]<\/p>\n<h3>Bachelor of Science<\/h3>\n<p>Wie werden hochwertige Lebensmittel sicher und nachhaltig hergestellt, verpackt und vertrieben? Was hat es mit verschiedenen Ern\u00e4hrungsweisen von Detox bis Paleo auf sich? Wie schafft es die Gemeinschafts-Gastronomie, Tausende von Essensg\u00e4sten jeden Tag p\u00fcnktlich zu versorgen? Was muss wann wie gereinigt oder desinfiziert werden, um Lebensmittel, Kosmetika, Pharmazeutika und Medizinprodukte hygienisch einwandfrei zu produzieren? Was macht ein Krankenhaus hygienisch sicher? Wen solche Fragen interessieren, ist im <strong><i>Hygiene<\/i><\/strong>\u00a0genau richtig.[\/vc_column_text][\/vc_column][\/vc_row][vc_row][vc_column][vc_column_text]https:\/\/youtu.be\/ZzZcIaFciro[\/vc_column_text][\/vc_column][\/vc_row][vc_row][vc_column][vc_column_text]Der Bachelor-Studiengang<i>\u00a0Lebensmittel, Ern\u00e4hrung, Hygiene<\/i>\u00a0ist \u00e4u\u00dferst vielseitig und dabei immer praxisorientiert. Er kombiniert naturwissenschaftliches Grundwissen mit lebensmittel- und hygienespezifischen, ern\u00e4hrungsphysiologischen, ingenieurwissenschaftlich-technischen, \u00f6kologischen und betriebswirtschaftlichen Kenntnissen. Sensorische, physikalische, chemische, mikrobiologische und moderne molekularbiologische Analysemethoden erg\u00e4nzen die Ausbildungsinhalte sinnvoll. Somit ist der Studiengang die ideale Hochschulausbildung f\u00fcr eine erfolgreiche Karriere als Fach- oder F\u00fchrungskraft in attraktiven und krisenfesten Branchen. Dazu z\u00e4hlen die gesamte, \u00fcberwiegend mittelst\u00e4ndische, Ern\u00e4hrungswirtschaft, Anbieter von Versorgungsdienstleistungen, Hersteller von Ger\u00e4ten zur Lebensmittelverarbeitung und -lagerung, Anbieter von Reinigungstechnologie sowie Kosmetik-, Pharma- und Medizintechnikbetriebe.<\/p>\n<p>Ziel des vielseitigen Studiums ist es, die Studierenden bestens f\u00fcr einen direkten Berufsstart im Unternehmen oder f\u00fcr ein weiterf\u00fchrendes Masterstudium im In- und Ausland vorzubereiten. Unsere Absolventinnen und Absolventen besetzen qualifizierte Positionen in namhaften Unternehmen in der Region und weltweit. Basis dieses Erfolgs sind die enge Verkn\u00fcpfung von Wissenschaft und Praxis, effektive und abwechslungsreiche Lehrmethoden und die moderne Ausrichtung und hervorragende Ausstattung unseres Studiengangs.<\/p>\n<p>Ist tats\u00e4chlich S\u00e4gemehl im Fruchtjoghurt? Werden K\u00fchlschr\u00e4nke zuk\u00fcnftig wirklich selbstst\u00e4ndig einkaufen und sich mit dem Herd abstimmen? Diese und viele weitere spannende Fragen k\u00f6nnen Studierende im Studiengang\u00a0<i>Lebensmittel, Ern\u00e4hrung, Hygiene<\/i>\u00a0mit erfolgreich abgeschlossenem Studium beantworten. Sie kennen sich aus mit allen Fragen rund um Lebensmittel, Ern\u00e4hrung und Hygiene und verf\u00fcgen \u00fcber eine anwendungsorientierte Ausbildung f\u00fcr den gesamten Bereich der Ern\u00e4hrungswirtschaft sowie f\u00fcr die Branchen Reinigung, Kosmetik, Pharma und Medizintechnik.<\/p>\n<p>[\/vc_column_text][\/vc_column][\/vc_row][vc_row][vc_column css=&#8221;.vc_custom_1630660881266{margin-top: -40px !important;}&#8221;][vc_btn title=&#8221;Zur Webseite&#8221; style=&#8221;custom&#8221; custom_text=&#8221;#278282&#8243; i_icon_fontawesome=&#8221;fas fa-globe&#8221; add_icon=&#8221;true&#8221; link=&#8221;url:https%3A%2F%2Fwww.hs-albsig.de%2Fstudienangebot%2Fbachelorstudiengaenge%2Flebensmittel-ernaehrung-hygiene|target:_blank&#8221;][\/vc_column][\/vc_row]<\/p>\n","protected":false},"excerpt":{"rendered":"<p>[vc_row][vc_column][vc_custom_heading text=&#8221;KOOPERATIONEN MIT HOCHSCHULEN&#8221; font_container=&#8221;tag:h1|font_size:44|text_align:left|color:%23a0a0a0&#8243; google_fonts=&#8221;font_family:Lato%3A100%2C100italic%2C300%2C300italic%2Cregular%2Citalic%2C700%2C700italic%2C900%2C900italic|font_style:700%20bold%20regular%3A700%3Anormal&#8221;][separator width=&#8221;100%&#8221; height=&#8221;1px&#8221; color=&#8221;#11787f&#8221;][\/vc_column][\/vc_row][vc_row][vc_column width=&#8221;1\/2&#8243;][vc_column_text][\/vc_column_text][vc_column_text]Mit der Hochschule Albstadt-Sigmaringen, die den speziellen Studiengang Lebensmittel, Ern\u00e4hrung und Hygiene anbietet, haben wir einen kompatiblen Partner gefunden. Diese Fachrichtung besch\u00e4ftigt sich u.a. mit der Reinigungs- und Hygienetechnik. Wir bieten somit den Studierenden eine M\u00f6glichkeit auf ein Praktikum oder eine Bachelorthesis im Bereich Forschung und [&hellip;]<\/p>\n","protected":false},"author":1,"featured_media":0,"parent":0,"menu_order":0,"comment_status":"closed","ping_status":"closed","template":"","meta":{"footnotes":""},"class_list":["post-6749","page","type-page","status-publish","hentry"],"_links":{"self":[{"href":"https:\/\/arcorafuture.com\/de\/wp-json\/wp\/v2\/pages\/6749","targetHints":{"allow":["GET"]}}],"collection":[{"href":"https:\/\/arcorafuture.com\/de\/wp-json\/wp\/v2\/pages"}],"about":[{"href":"https:\/\/arcorafuture.com\/de\/wp-json\/wp\/v2\/types\/page"}],"author":[{"embeddable":true,"href":"https:\/\/arcorafuture.com\/de\/wp-json\/wp\/v2\/users\/1"}],"replies":[{"embeddable":true,"href":"https:\/\/arcorafuture.com\/de\/wp-json\/wp\/v2\/comments?post=6749"}],"version-history":[{"count":42,"href":"https:\/\/arcorafuture.com\/de\/wp-json\/wp\/v2\/pages\/6749\/revisions"}],"predecessor-version":[{"id":7402,"href":"https:\/\/arcorafuture.com\/de\/wp-json\/wp\/v2\/pages\/6749\/revisions\/7402"}],"wp:attachment":[{"href":"https:\/\/arcorafuture.com\/de\/wp-json\/wp\/v2\/media?parent=6749"}],"curies":[{"name":"wp","href":"https:\/\/api.w.org\/{rel}","templated":true}]}}