{"id":6688,"date":"2021-06-18T13:18:09","date_gmt":"2021-06-18T11:18:09","guid":{"rendered":"https:\/\/arcorafuture.com\/de\/?page_id=6688"},"modified":"2021-10-11T18:32:25","modified_gmt":"2021-10-11T16:32:25","slug":"arcora-stiftung","status":"publish","type":"page","link":"https:\/\/arcorafuture.com\/de\/arcora-stiftung\/","title":{"rendered":"ARCORA Stiftung"},"content":{"rendered":"<p>[vc_row][vc_column][vc_custom_heading text=&#8221;PROJEKT SENEGAL&#8221; font_container=&#8221;tag:h1|font_size:44|text_align:left|color:%23a0a0a0&#8243; google_fonts=&#8221;font_family:Lato%3A100%2C100italic%2C300%2C300italic%2Cregular%2Citalic%2C700%2C700italic%2C900%2C900italic|font_style:700%20bold%20regular%3A700%3Anormal&#8221;][vc_empty_space height=&#8221;3px&#8221;][separator width=&#8221;100%&#8221; height=&#8221;1px&#8221; color=&#8221;#278282&#8243;][\/vc_column][\/vc_row][vc_row][vc_column][vc_column_text]\u201eMir wurde ein neues Leben geschenkt.\u201c ist Herr Memili \u00fcberzeugt, nachdem er zwei Jahre lang gegen den Krebs gek\u00e4mpft und ihn 2016 schlie\u00dflich besiegt hatte. Dieses Gl\u00fcck wollte er nun auch anderen Menschen zu teil werden lassen und kam dabei auf den langj\u00e4hrigen Mitarbeiter Herr Sy, welcher ihm \u00fcber die Missst\u00e4nde in seinem Dorf in Gassambery, Region Matam, Senegal, erz\u00e4hlte. Damit war die Idee f\u00fcr die Stiftung geboren.<\/p>\n<p>Im Februar 2020 war es dann soweit, noch mit Kr\u00fccken in der Hand reiste Herr Memili mit seinem Sohn Murat Kaan und Herrn Sy in den Senegal. F\u00fcr eine Woche lebten sie im Heimatdorf seines Mitarbeiters in Gassambery, Region Matam und erkannten schnell die Not der Bewohner. Sie \u00fcbergaben Kleiderspenden, kauften Vieh f\u00fcr das Dorf und halfen bei dem Bau einer Markthalle.<\/p>\n<p>Nach der Reise sollte es aber auf keinen Fall sein Bewenden haben, viel mehr sollte eine langfristige Besserung der Lebensumst\u00e4nde der Dorfbewohner bewirkt werden. Daher sind viele weitere Projekte geplant. An die fertig gestellte Markthalle, in der die Bewohner Lebensmittel, Textilien und andere Artikel verkaufen k\u00f6nnen, soll ein Schlachthof angeschlossen werden, welcher im Juli 2021 fertig gestellt wurde. In diesem sollen unter hygienischen Bedingungen Schlachtungen erfolgen k\u00f6nnen und das Fleisch sicher aufbewahrt werden. Um die Markthalle auch f\u00fcr andere D\u00f6rfer zug\u00e4nglich zu machen, wird die Infrastruktur ausgebaut und eine zus\u00e4tzliche Lagerhalle f\u00fcr Artikel auf Spendenbasis mit Bekleidung, Hygieneartikel, Fahrr\u00e4dern, Rollst\u00fchlen, Kr\u00fccken und vielen weiteren lebensnotwendigen Artikeln gef\u00fcllt. Ebenso sollen dringend ben\u00f6tigte medizinische Einrichtungen wie eine Notaufnahme und eine Entbindungsstation entstehen. Hier sollen zun\u00e4chst freiwillige Fachkr\u00e4fte die Menschen behandeln und versorgen. Zukunftsorientiert soll dann einheimisches Personal vor Ort daf\u00fcr ausgebildet werden.[\/vc_column_text][\/vc_column][\/vc_row][vc_row][vc_column][vc_gallery type=&#8221;image_grid&#8221; images=&#8221;7505,6849,6804,6851,6805,7494,7493&#8243; img_size=&#8221;165&#8243;][\/vc_column][\/vc_row][vc_row][vc_column][vc_column_text]Ein weiteres wichtiges Ziel ist es, eine eigene wirtschaftliche Lebensgrundlage f\u00fcr die dort lebenden Bewohner zu schaffen. So soll durch den Kauf von Tierherden eine Viehzucht aufgebaut und ein nachhaltiger Bestand sichergestellt werden. Hinzukommen wird eine Olivenplantage, die frisch angepflanzt werden soll. Die Tier-und Olivenerzeugnisse werden von den dort lebenden Bewohnern weiterverarbeitet und die daraus gewonnen Produkte verkauft. Hierdurch entstehen neue Erwerbsgrundlagen, welche es den Menschen erm\u00f6glichen, ihre Familien eigenst\u00e4ndig zu ern\u00e4hren.<\/p>\n<p>Des Weiteren ist es Herrn Memilis Anliegen Bildungsm\u00f6glichkeiten zu schaffen, die nicht nur zug\u00e4nglich f\u00fcr Kinder, sondern auch f\u00fcr Erwachsene sein werden. Mit einem Bildungszentrum und dem dort vermittelten Wissen werden die Grundlagen f\u00fcr einen vielversprechenden Erfolg der neu aufgebauten Infrastruktur und Lebensumst\u00e4nde gelegt.<\/p>\n<p>Mit all diesen Projekten m\u00f6chte die ARCORA Stiftung in den n\u00e4chsten drei Jahren eine auf Dauer angelegte Eigenst\u00e4ndigkeit, sowie eine damit einhergehende Unabh\u00e4ngigkeit des Dorfes erzielen. Das Dorf in Gassambery, Region Matam, in Senegal ist aber nur ein konkretes Beispiel. \u00c4hnliche Projekte werden in vielen weiteren Gemeinden und Orten in der Dritten Welt folgen. Nur so k\u00f6nnen die Armut, die prek\u00e4re Lage in vielen L\u00e4ndern und die damit verbundenen Fluchtursachen nachhaltig bek\u00e4mpft werden.[\/vc_column_text][\/vc_column][\/vc_row][vc_row][vc_column][vc_column_text]https:\/\/youtu.be\/5JyOj9-R2nU[\/vc_column_text][\/vc_column][\/vc_row]<\/p>\n","protected":false},"excerpt":{"rendered":"<p>[vc_row][vc_column][vc_custom_heading text=&#8221;PROJEKT SENEGAL&#8221; font_container=&#8221;tag:h1|font_size:44|text_align:left|color:%23a0a0a0&#8243; google_fonts=&#8221;font_family:Lato%3A100%2C100italic%2C300%2C300italic%2Cregular%2Citalic%2C700%2C700italic%2C900%2C900italic|font_style:700%20bold%20regular%3A700%3Anormal&#8221;][vc_empty_space height=&#8221;3px&#8221;][separator width=&#8221;100%&#8221; height=&#8221;1px&#8221; color=&#8221;#278282&#8243;][\/vc_column][\/vc_row][vc_row][vc_column][vc_column_text]\u201eMir wurde ein neues Leben geschenkt.\u201c ist Herr Memili \u00fcberzeugt, nachdem er zwei Jahre lang gegen den Krebs gek\u00e4mpft und ihn 2016 schlie\u00dflich besiegt hatte. Dieses Gl\u00fcck wollte er nun auch anderen Menschen zu teil werden lassen und kam dabei auf den langj\u00e4hrigen Mitarbeiter Herr Sy, welcher [&hellip;]<\/p>\n","protected":false},"author":1,"featured_media":0,"parent":0,"menu_order":0,"comment_status":"closed","ping_status":"closed","template":"","meta":{"footnotes":""},"class_list":["post-6688","page","type-page","status-publish","hentry"],"_links":{"self":[{"href":"https:\/\/arcorafuture.com\/de\/wp-json\/wp\/v2\/pages\/6688","targetHints":{"allow":["GET"]}}],"collection":[{"href":"https:\/\/arcorafuture.com\/de\/wp-json\/wp\/v2\/pages"}],"about":[{"href":"https:\/\/arcorafuture.com\/de\/wp-json\/wp\/v2\/types\/page"}],"author":[{"embeddable":true,"href":"https:\/\/arcorafuture.com\/de\/wp-json\/wp\/v2\/users\/1"}],"replies":[{"embeddable":true,"href":"https:\/\/arcorafuture.com\/de\/wp-json\/wp\/v2\/comments?post=6688"}],"version-history":[{"count":43,"href":"https:\/\/arcorafuture.com\/de\/wp-json\/wp\/v2\/pages\/6688\/revisions"}],"predecessor-version":[{"id":7506,"href":"https:\/\/arcorafuture.com\/de\/wp-json\/wp\/v2\/pages\/6688\/revisions\/7506"}],"wp:attachment":[{"href":"https:\/\/arcorafuture.com\/de\/wp-json\/wp\/v2\/media?parent=6688"}],"curies":[{"name":"wp","href":"https:\/\/api.w.org\/{rel}","templated":true}]}}