{"id":6680,"date":"2021-06-18T10:51:38","date_gmt":"2021-06-18T08:51:38","guid":{"rendered":"https:\/\/arcorafuture.com\/de\/?page_id=6680"},"modified":"2025-06-26T16:17:31","modified_gmt":"2025-06-26T14:17:31","slug":"philosophie","status":"publish","type":"page","link":"https:\/\/arcorafuture.com\/de\/philosophie\/","title":{"rendered":"Philosophie"},"content":{"rendered":"<p>[vc_row][vc_column][vc_custom_heading text=&#8221;NACHHALTIGKEIT BEI ARCORA GROUP&#8221; font_container=&#8221;tag:h1|font_size:44|text_align:left|color:%23a0a0a0&#8243; google_fonts=&#8221;font_family:Lato%3A100%2C100italic%2C300%2C300italic%2Cregular%2Citalic%2C700%2C700italic%2C900%2C900italic|font_style:700%20bold%20regular%3A700%3Anormal&#8221;][separator width=&#8221;100%&#8221; height=&#8221;1px&#8221; color=&#8221;#057b7f&#8221; margin_bottom=&#8221;&#8221;][\/vc_column][\/vc_row][vc_row][vc_column width=&#8221;1\/5&#8243;][vc_column_text]<img loading=\"lazy\" decoding=\"async\" class=\"alignnone wp-image-7240 size-full\" src=\"https:\/\/arcorafuture.com\/de\/wp-content\/uploads\/2021\/08\/easyclean.jpg\" alt=\"\" width=\"672\" height=\"689\" srcset=\"https:\/\/arcorafuture.com\/de\/wp-content\/uploads\/2021\/08\/easyclean.jpg 672w, https:\/\/arcorafuture.com\/de\/wp-content\/uploads\/2021\/08\/easyclean-293x300.jpg 293w\" sizes=\"auto, (max-width: 672px) 100vw, 672px\" \/>[\/vc_column_text][\/vc_column][vc_column width=&#8221;2\/5&#8243;][vc_column_text]<strong>Nachhaltigkeit<\/strong> \u2013 Ein Thema, das immer mehr an Bedeutung gewinnt und fest in der ARCORA Unternehmensphilosophie verankert ist. Im Rahmen der Anforderungen der ISO 14001, nach der ARCORA zertifiziert ist, ist es ein grundlegendes Ziel, als Hersteller von innovativen und umweltfreundlichen Produkten, die Umwelt zu sch\u00fctzen. F\u00fcr ARCORA, ein Unternehmen, das \u00fcber den Tellerrand hinausschaut, ist die Verantwortung gegen\u00fcber Mensch, Umwelt und Gesellschaft von gro\u00dfer Bedeutung.<\/p>\n<p>Dabei steht die kontinuierliche Verbesserung der \u00f6kologischen, sozialen und \u00f6konomischen Leistungen stets im Fokus. ARCORA ist stets bem\u00fcht bei der Entwicklung umweltfreundlicher, innovativer Produkte im Einklang mit der Umwelt zu stehen und dies \u00fcber die gesamte Wertsch\u00f6pfungskette, von der Herstellung \u00fcber die Bereitstellung der Produkte bis hin zur Entsorgung von Verpackungen.[\/vc_column_text][\/vc_column][vc_column width=&#8221;2\/5&#8243;][vc_column_text]Das gesamte Unternehmen gibt sein Bestes, Umweltbelastungen zu verhindern oder zu reduzieren und den Qualit\u00e4ts- und Umweltanspr\u00fcchen unserer Kunden, Lieferanten sowie Mitarbeitern gerecht zu werden. Die ARCORA\u00ae GROUP macht es sich zur Aufgabe, bei allen gesch\u00e4ftlichen Aktivit\u00e4ten mit fairem und ethischem Verhalten zu handeln. Das Unternehmen tr\u00e4gt besondere Verantwortung gegen\u00fcber seinen Mitarbeitern, Gesch\u00e4ftspartner, Lieferanten sowie der Gesellschaft und Umwelt. Das bedeutet, dass die Folgen unternehmerischer Handlungen und Entscheidungen in \u00f6konomischer, sozialer und \u00f6kologischer Hinsicht beachtet und geltende Gesetze sowie Rechtsvorschriften eingehalten werden.<br \/>\nBesonders Integrit\u00e4t, Respekt vor der Menschenw\u00fcrde, Offenheit und Nichtdiskriminierung sind wichtige Werte und Grunds\u00e4tze f\u00fcr das Unternehmen. Schutzbed\u00fcrftige Gruppen werden integriert und erforderliche Schutzma\u00dfnahmen sowie Gesetze eingehalten.[\/vc_column_text][\/vc_column][\/vc_row][vc_row][vc_column][separator width=&#8221;100%&#8221; height=&#8221;1px&#8221; color=&#8221;#057b7f&#8221;][\/vc_column][\/vc_row][vc_row][vc_column][vc_column_text]Basierend auf diesem Nachhaltigkeitsgedanken entwickelt ARCORA st\u00e4ndig innovative L\u00f6sungen, wie die EASY CLEAN Produkte. Diese Produkte stehen f\u00fcr ein anwender- und umweltfreundliches Reinigen.<br \/>\nDer Einsatz der EASY CLEAN Produkte ist unkompliziert und tr\u00e4gt zur Schonung der Umwelt bei. Das f\u00fcr die Unterhaltsreinigung ideale ARCORA PU-PAD, das zu 100 % umweltfreundlich hergestellt wurde, durch die ausschlie\u00dfliche Verwendung von Recyclingprodukten, weist eine enorm hohe Wasseraufnahme auf, sodass eine deutliche Wasser- und Chemieeinsparung erzielt werden kann. Eine WELTPREMIERE ist das PUPAD-WKS System (Wasser-Kontroll- System). Das PU-PAD mit Lotus-Effekt, das mit Schaumtechnologie und Encapsulation System optimale Reinigungsergebnisse hervorruft. Mit dem Einsatz dieses Pads wird eine Wassereinsparung von bis zu 80 % und eine Chemieeinsparung von bis zu 60 % m\u00f6glich. Eine weitere WELTPREMIERE ist TENAS FLOOR, ein zu 100 % umweltfreundlicher Spezialreiniger auf Bio- Polymerbasis, der als Grund-, Intensiv-, Oberfl\u00e4chen- und Mehrzweckreiniger eingesetzt werden kann. Der ADR-, VOC-, GMO- und EDTA-freie Reiniger entfernt m\u00fchelos hartn\u00e4ckige Verschmutzungen und ist dabei ungef\u00e4hrlich f\u00fcr Mensch und Natur. Gemeinsam stark sind diese innovativen Produkte mit der Orbitalmaschine ORBITAL HEAVY OR17, bei deren Einsatz die mechanische Reinigungskraft deutlich verbessert wird, sodass andere Faktoren wie Chemie und Wasser minimiert werden k\u00f6nnen. Mit der Kombination aus Orbitaltechnologie, PU-PAD-Systeme und TENAS FLOOR werden hervorragende einigungsergebnisse erzielt.[\/vc_column_text][\/vc_column][\/vc_row][vc_row][vc_column width=&#8221;2\/3&#8243;][vc_row_inner][vc_column_inner width=&#8221;1\/2&#8243; css=&#8221;.vc_custom_1631534549744{margin-top: 60px !important;}&#8221;][media animation=&#8221;none&#8221; image=&#8221;7251&#8243;][\/vc_column_inner][vc_column_inner width=&#8221;1\/2&#8243;][media image=&#8221;6959&#8243;][media image=&#8221;7095&#8243;][media image=&#8221;7370&#8243;][\/vc_column_inner][\/vc_row_inner][\/vc_column][vc_column width=&#8221;1\/3&#8243;][vc_column_text]<strong>Weltweite Produktionsst\u00e4tten<\/strong><\/p>\n<p>Wir wollen, dass kein einziges ARCORA Produkt die Umwelt gef\u00e4hrdet oder zum Nachteil f\u00fcr die Menschen wird, die es herstellen. Deshalb verwenden wir nicht nur nachhaltige Materialien, sondern setzen uns f\u00fcr faire Arbeitsbedingungen und faire Bezahlung von den Menschen ein, die ARCORA ausmachen.[\/vc_column_text][vc_column_text]<strong>Herkunft der Materialen<\/strong><\/p>\n<p>In unseren weltweiten Produktionsst\u00e4tten achten wir stets darauf unsere Materialien von lokalen Herstellern zu beziehen. Daher hat unsere gesamte Lieferkette, angefangen bei den nachwachsende Rohstoffen f\u00fcr die chemische Industrie, Kunststoffgranulaten, Textilfasern aus Baumwolle oder Polyester bis zur Fertigstellung unsere Produkte.[\/vc_column_text][\/vc_column][\/vc_row]<\/p>\n","protected":false},"excerpt":{"rendered":"<p>[vc_row][vc_column][vc_custom_heading text=&#8221;NACHHALTIGKEIT BEI ARCORA GROUP&#8221; font_container=&#8221;tag:h1|font_size:44|text_align:left|color:%23a0a0a0&#8243; google_fonts=&#8221;font_family:Lato%3A100%2C100italic%2C300%2C300italic%2Cregular%2Citalic%2C700%2C700italic%2C900%2C900italic|font_style:700%20bold%20regular%3A700%3Anormal&#8221;][separator width=&#8221;100%&#8221; height=&#8221;1px&#8221; color=&#8221;#057b7f&#8221; margin_bottom=&#8221;&#8221;][\/vc_column][\/vc_row][vc_row][vc_column width=&#8221;1\/5&#8243;][vc_column_text][\/vc_column_text][\/vc_column][vc_column width=&#8221;2\/5&#8243;][vc_column_text]Nachhaltigkeit \u2013 Ein Thema, das immer mehr an Bedeutung gewinnt und fest in der ARCORA Unternehmensphilosophie verankert ist. Im Rahmen der Anforderungen der ISO 14001, nach der ARCORA zertifiziert ist, ist es ein grundlegendes Ziel, als Hersteller von innovativen und umweltfreundlichen Produkten, die [&hellip;]<\/p>\n","protected":false},"author":1,"featured_media":0,"parent":0,"menu_order":0,"comment_status":"closed","ping_status":"closed","template":"","meta":{"footnotes":""},"class_list":["post-6680","page","type-page","status-publish","hentry"],"_links":{"self":[{"href":"https:\/\/arcorafuture.com\/de\/wp-json\/wp\/v2\/pages\/6680","targetHints":{"allow":["GET"]}}],"collection":[{"href":"https:\/\/arcorafuture.com\/de\/wp-json\/wp\/v2\/pages"}],"about":[{"href":"https:\/\/arcorafuture.com\/de\/wp-json\/wp\/v2\/types\/page"}],"author":[{"embeddable":true,"href":"https:\/\/arcorafuture.com\/de\/wp-json\/wp\/v2\/users\/1"}],"replies":[{"embeddable":true,"href":"https:\/\/arcorafuture.com\/de\/wp-json\/wp\/v2\/comments?post=6680"}],"version-history":[{"count":90,"href":"https:\/\/arcorafuture.com\/de\/wp-json\/wp\/v2\/pages\/6680\/revisions"}],"predecessor-version":[{"id":7517,"href":"https:\/\/arcorafuture.com\/de\/wp-json\/wp\/v2\/pages\/6680\/revisions\/7517"}],"wp:attachment":[{"href":"https:\/\/arcorafuture.com\/de\/wp-json\/wp\/v2\/media?parent=6680"}],"curies":[{"name":"wp","href":"https:\/\/api.w.org\/{rel}","templated":true}]}}