{"id":6619,"date":"2021-06-08T09:54:01","date_gmt":"2021-06-08T07:54:01","guid":{"rendered":"https:\/\/arcorafuture.com\/de\/?page_id=6619"},"modified":"2021-09-23T18:36:45","modified_gmt":"2021-09-23T16:36:45","slug":"jugendfoerderung","status":"publish","type":"page","link":"https:\/\/arcorafuture.com\/de\/jugendfoerderung\/","title":{"rendered":"Jugendf\u00f6rderung"},"content":{"rendered":"<p>[vc_row][vc_column][vc_custom_heading text=&#8221;BOXEN | LEO`S BOXGYM&#8221; font_container=&#8221;tag:h1|font_size:44|text_align:left|color:%23a0a0a0|line_height:1%2C5&#8243; google_fonts=&#8221;font_family:Lato%3A100%2C100italic%2C300%2C300italic%2Cregular%2Citalic%2C700%2C700italic%2C900%2C900italic|font_style:700%20bold%20regular%3A700%3Anormal&#8221;][separator width=&#8221;100%&#8221; height=&#8221;1px&#8221; color=&#8221;#11787f&#8221;][\/vc_column][\/vc_row][vc_row][vc_column][vc_column_text]Seit 2016 ist ARCORA der offizielle Partner von Leo`s Boxgym. Der Inhaber Levent Cukur, IBF- Profiweltmeister im Leichtgewicht im Jahre 2002 und mehrmaliger Deutscher Meister, trainiert mit seiner \u00fcber 30-j\u00e4hrigen Erfahrung sowohl Box Anf\u00e4nger als auch Amateure und Profis. Ein wichtiges Anliegen ist es ihm Jugendlichen aus schwierigen Verh\u00e4ltnissen durch den Sport eine Perspektive zu geben. Durch das regelm\u00e4\u00dfige Training mit anderen Jugendlichen lernen sie Disziplin, st\u00e4rken ihr Selbstbewusstsein und geh\u00f6ren einer famili\u00e4ren Gemeinschaft an.<\/p>\n<p>Dadurch ist ARCORA<sup>\u00a0<\/sup> nicht nur ein wichtiger Sponsor um den Sport zu erm\u00f6glichen, sondern auch um Jugendlichen eine sichere Anlaufstelle zu geben.[\/vc_column_text][\/vc_column][\/vc_row][vc_row][vc_column css=&#8221;.vc_custom_1627909334158{margin-top: -50px !important;}&#8221;][separator width=&#8221;200px&#8221; height=&#8221;2px&#8221; color=&#8221;#5b5b5b&#8221;][vc_gallery type=&#8221;image_grid&#8221; images=&#8221;7176,7177,7178,7179,7180,7181,7182,7183,7184,7185,7186,7187,7188,7189&#8243; img_size=&#8221;100&#8243;][vc_btn title=&#8221;Zur Webseite&#8221; style=&#8221;custom&#8221; custom_text=&#8221;#278282&#8243; i_icon_fontawesome=&#8221;fas fa-globe&#8221; add_icon=&#8221;true&#8221; link=&#8221;url:http%3A%2F%2Fleosboxgym.de%2Fboxer%2F|target:_blank&#8221; css=&#8221;.vc_custom_1627909362057{margin-top: -10px !important;}&#8221;][\/vc_column][\/vc_row][vc_row][vc_column][\/vc_column][\/vc_row]<\/p>\n","protected":false},"excerpt":{"rendered":"<p>[vc_row][vc_column][vc_custom_heading text=&#8221;BOXEN | LEO`S BOXGYM&#8221; font_container=&#8221;tag:h1|font_size:44|text_align:left|color:%23a0a0a0|line_height:1%2C5&#8243; google_fonts=&#8221;font_family:Lato%3A100%2C100italic%2C300%2C300italic%2Cregular%2Citalic%2C700%2C700italic%2C900%2C900italic|font_style:700%20bold%20regular%3A700%3Anormal&#8221;][separator width=&#8221;100%&#8221; height=&#8221;1px&#8221; color=&#8221;#11787f&#8221;][\/vc_column][\/vc_row][vc_row][vc_column][vc_column_text]Seit 2016 ist ARCORA der offizielle Partner von Leo`s Boxgym. Der Inhaber Levent Cukur, IBF- Profiweltmeister im Leichtgewicht im Jahre 2002 und mehrmaliger Deutscher Meister, trainiert mit seiner \u00fcber 30-j\u00e4hrigen Erfahrung sowohl Box Anf\u00e4nger als auch Amateure und Profis. Ein wichtiges Anliegen ist es ihm Jugendlichen [&hellip;]<\/p>\n","protected":false},"author":1,"featured_media":0,"parent":0,"menu_order":0,"comment_status":"closed","ping_status":"closed","template":"","meta":{"footnotes":""},"class_list":["post-6619","page","type-page","status-publish","hentry"],"_links":{"self":[{"href":"https:\/\/arcorafuture.com\/de\/wp-json\/wp\/v2\/pages\/6619","targetHints":{"allow":["GET"]}}],"collection":[{"href":"https:\/\/arcorafuture.com\/de\/wp-json\/wp\/v2\/pages"}],"about":[{"href":"https:\/\/arcorafuture.com\/de\/wp-json\/wp\/v2\/types\/page"}],"author":[{"embeddable":true,"href":"https:\/\/arcorafuture.com\/de\/wp-json\/wp\/v2\/users\/1"}],"replies":[{"embeddable":true,"href":"https:\/\/arcorafuture.com\/de\/wp-json\/wp\/v2\/comments?post=6619"}],"version-history":[{"count":60,"href":"https:\/\/arcorafuture.com\/de\/wp-json\/wp\/v2\/pages\/6619\/revisions"}],"predecessor-version":[{"id":7487,"href":"https:\/\/arcorafuture.com\/de\/wp-json\/wp\/v2\/pages\/6619\/revisions\/7487"}],"wp:attachment":[{"href":"https:\/\/arcorafuture.com\/de\/wp-json\/wp\/v2\/media?parent=6619"}],"curies":[{"name":"wp","href":"https:\/\/api.w.org\/{rel}","templated":true}]}}