{"id":4797,"date":"2016-06-20T17:22:31","date_gmt":"2016-06-20T17:22:31","guid":{"rendered":"http:\/\/thesimple.ellethemes.com\/?page_id=4797"},"modified":"2024-11-06T14:41:37","modified_gmt":"2024-11-06T13:41:37","slug":"home-business-simple","status":"publish","type":"page","link":"https:\/\/arcorafuture.com\/de\/","title":{"rendered":"Home Business Simple"},"content":{"rendered":"<p>[vc_row type=&#8221;full_width_background&#8221; bg_color=&#8221;#ffffff&#8221; top_padding=&#8221;90&#8243; bottom_padding=&#8221;0&#8243;][vc_column css=&#8221;.vc_custom_1625473509612{margin-top: -100px !important;}&#8221;][vc_column_text][rev_slider alias=&#8221;space-opera-1&#8243;][\/rev_slider][\/vc_column_text][\/vc_column][\/vc_row][vc_row type=&#8221;full_width_background&#8221; bg_color=&#8221;#ffffff&#8221; top_padding=&#8221;90&#8243; bottom_padding=&#8221;0&#8243;][vc_column width=&#8221;1\/4&#8243; css=&#8221;.vc_custom_1625473509612{margin-top: -100px !important;}&#8221;][vc_gallery type=&#8221;image_grid&#8221; images=&#8221;7647&#8243; img_size=&#8221;220&#8243; onclick=&#8221;custom_link&#8221; custom_links=&#8221;#E-8_aHR0cHMlM0ElMkYlMkZhcmNvcmFmdXR1cmUuY29tJTJGZGUlMkZkcmVpLXNhZXVsZW4tZGVyLW5hY2hoYWx0aWdrZWl0JTJG&#8221; css=&#8221;.vc_custom_1730900535212{margin-top: 50px !important;}&#8221;][\/vc_column][vc_column width=&#8221;1\/2&#8243;][vc_custom_heading text=&#8221;HERZLICH WILLKOMMEN BEI&#8221; font_container=&#8221;tag:h3|font_size:14px|text_align:center|color:%23b3b3b3|line_height:30px&#8221; google_fonts=&#8221;font_family:Lato%3A100%2C100italic%2C300%2C300italic%2Cregular%2Citalic%2C700%2C700italic%2C900%2C900italic|font_style:400%20regular%3A400%3Anormal&#8221;][block_title inner_style_title=&#8221;only_text&#8221; title=&#8221;ARCORA FUTURE&#8221;][\/block_title][vc_column_text]<\/p>\n<h3 style=\"text-align: center;\">ENJOY YOUR LIFE<\/h3>\n<p>[\/vc_column_text][vc_empty_space height=&#8221;12px&#8221;][\/vc_column][vc_column width=&#8221;1\/4&#8243; css=&#8221;.vc_custom_1631546885797{margin-top: -50px !important;}&#8221;][\/vc_column][\/vc_row][vc_row type=&#8221;full_width_background&#8221; bg_color=&#8221;#ffffff&#8221; top_padding=&#8221;90&#8243; bottom_padding=&#8221;0&#8243;][vc_column css=&#8221;.vc_custom_1625473509612{margin-top: -100px !important;}&#8221;][vc_empty_space][vc_column_text]<\/p>\n<h4 style=\"text-align: center;\">Schon seit der Gr\u00fcndung von ARCORA vor 30 Jahren geben wir unser Bestes, Umweltbelastungen zu verhindern und zu reduzieren und den Qualit\u00e4ts- und Umweltanspr\u00fcchen unserer Kunden, Lieferanten sowie Mitarbeitern gerecht zu werden.<\/h4>\n<h4 style=\"text-align: center;\">Bei unseren Produkten achten wir auf den betrieblichen Umweltschutz sowie den schonenden Umgang mit den eingesetzten Ressourcen.<br \/>\nZiel ist es, umweltfreundliche Produkte mit hoher Effizienz und Qualit\u00e4t anzubieten. Es ist unser Bestreben Nachhaltigkeit mit Wirtschaftlichkeit, Umweltbewusstsein und hohem Qualit\u00e4tsstandard zu vereinen<\/h4>\n<p>[\/vc_column_text][vc_empty_space][\/vc_column][\/vc_row][vc_row type=&#8221;full_width_background&#8221; bg_image=&#8221;6485&#8243; bg_position=&#8221;center center&#8221; parallax_bg=&#8221;true&#8221; text_color=&#8221;light&#8221; top_padding=&#8221;30&#8243; bottom_padding=&#8221;30&#8243;][vc_column width=&#8221;1\/4&#8243;][counter text=&#8221;MITARBEITER WELTWEIT&#8221; icon=&#8221;steadysets-icon-users2&#8243; number=&#8221;352&#8243;][\/vc_column][vc_column width=&#8221;1\/4&#8243;][counter text=&#8221;EIGENE PRODUKTIONSST\u00c4TTEN&#8221; icon=&#8221;moon-factory&#8221; number=&#8221;5&#8243;][\/vc_column][vc_column width=&#8221;1\/4&#8243;][counter text=&#8221;KLIMANEUTRALE PRODUKTE&#8221; icon=&#8221;moon-leaf&#8221; number=&#8221;7&#8243;][\/vc_column][vc_column width=&#8221;1\/4&#8243;][counter text=&#8221;SOZIALE PROJEKTE&#8221; icon=&#8221;moon-people&#8221; number=&#8221;5&#8243;][\/vc_column][\/vc_row][vc_row type=&#8221;full_width_background&#8221; bg_color=&#8221;#f6f6f6&#8243; top_padding=&#8221;30&#8243; bottom_padding=&#8221;30&#8243;][vc_column][vc_empty_space height=&#8221;12px&#8221;][\/vc_column][\/vc_row][vc_row type=&#8221;full_width_background&#8221; bg_color=&#8221;#f6f6f6&#8243; top_padding=&#8221;30&#8243; bottom_padding=&#8221;30&#8243;][vc_column width=&#8221;1\/5&#8243;][services_medium title=&#8221;COVID-19&#8243; style=&#8221;style_2&#8243; icon=&#8221;moon-brightness-medium&#8221; icon_color=&#8221;#217c79&#8243; circle_color=&#8221;#f5f5f5&#8243; border_color=&#8221;#217c79&#8243; dynamic_content_link=&#8221;https:\/\/arcorafuture.com\/de\/hygiene\/&#8221;][\/services_medium][\/vc_column][vc_column width=&#8221;1\/5&#8243;][services_medium title=&#8221;QUALIT\u00c4T&#8221; style=&#8221;style_2&#8243; icon=&#8221;moon-medal-3&#8243; icon_color=&#8221;#217c79&#8243; circle_color=&#8221;#f5f5f5&#8243; border_color=&#8221;#217c79&#8243; dynamic_content_link=&#8221;https:\/\/arcorafuture.com\/de\/zertifikate\/&#8221;][\/services_medium][\/vc_column][vc_column width=&#8221;1\/5&#8243;][services_medium title=&#8221;SOZIALES&#8221; style=&#8221;style_2&#8243; icon=&#8221;steadysets-icon-users2&#8243; icon_color=&#8221;#217c79&#8243; circle_color=&#8221;#f5f5f5&#8243; border_color=&#8221;#217c79&#8243; dynamic_content_link=&#8221;https:\/\/arcorafuture.com\/de\/arcora-stiftung\/&#8221;][\/services_medium][\/vc_column][vc_column width=&#8221;1\/5&#8243;][services_medium title=&#8221;INNOVATION&#8221; style=&#8221;style_2&#8243; icon=&#8221;moon-lamp-3&#8243; icon_color=&#8221;#217c79&#8243; circle_color=&#8221;#f5f5f5&#8243; border_color=&#8221;#217c79&#8243; dynamic_content_link=&#8221;https:\/\/arcorafuture.com\/de\/produkte\/&#8221;][\/services_medium][\/vc_column][vc_column width=&#8221;1\/5&#8243;][services_medium title=&#8221;UMWELT&#8221; style=&#8221;style_2&#8243; icon=&#8221;moon-tree&#8221; icon_color=&#8221;#217c79&#8243; circle_color=&#8221;#f5f5f5&#8243; border_color=&#8221;#217c79&#8243; dynamic_content_link=&#8221;https:\/\/arcorafuture.com\/de\/klimaneutrales-unternehmen\/&#8221;][\/services_medium][\/vc_column][\/vc_row][vc_row type=&#8221;full_width_background&#8221; bg_color=&#8221;#f6f6f6&#8243; top_padding=&#8221;30&#8243; bottom_padding=&#8221;30&#8243;][vc_column][vc_empty_space height=&#8221;1&#8243;][\/vc_column][\/vc_row]<\/p>\n","protected":false},"excerpt":{"rendered":"<p>[vc_row type=&#8221;full_width_background&#8221; bg_color=&#8221;#ffffff&#8221; top_padding=&#8221;90&#8243; bottom_padding=&#8221;0&#8243;][vc_column css=&#8221;.vc_custom_1625473509612{margin-top: -100px !important;}&#8221;][vc_column_text][rev_slider alias=&#8221;space-opera-1&#8243;][\/rev_slider][\/vc_column_text][\/vc_column][\/vc_row][vc_row type=&#8221;full_width_background&#8221; bg_color=&#8221;#ffffff&#8221; top_padding=&#8221;90&#8243; bottom_padding=&#8221;0&#8243;][vc_column width=&#8221;1\/4&#8243; css=&#8221;.vc_custom_1625473509612{margin-top: -100px !important;}&#8221;][vc_gallery type=&#8221;image_grid&#8221; images=&#8221;7647&#8243; img_size=&#8221;220&#8243; onclick=&#8221;custom_link&#8221; custom_links=&#8221;#E-8_aHR0cHMlM0ElMkYlMkZhcmNvcmFmdXR1cmUuY29tJTJGZGUlMkZkcmVpLXNhZXVsZW4tZGVyLW5hY2hoYWx0aWdrZWl0JTJG&#8221; css=&#8221;.vc_custom_1730900535212{margin-top: 50px !important;}&#8221;][\/vc_column][vc_column width=&#8221;1\/2&#8243;][vc_custom_heading text=&#8221;HERZLICH WILLKOMMEN BEI&#8221; font_container=&#8221;tag:h3|font_size:14px|text_align:center|color:%23b3b3b3|line_height:30px&#8221; google_fonts=&#8221;font_family:Lato%3A100%2C100italic%2C300%2C300italic%2Cregular%2Citalic%2C700%2C700italic%2C900%2C900italic|font_style:400%20regular%3A400%3Anormal&#8221;][block_title inner_style_title=&#8221;only_text&#8221; title=&#8221;ARCORA FUTURE&#8221;][\/block_title][vc_column_text] ENJOY YOUR LIFE [\/vc_column_text][vc_empty_space height=&#8221;12px&#8221;][\/vc_column][vc_column width=&#8221;1\/4&#8243; css=&#8221;.vc_custom_1631546885797{margin-top: -50px !important;}&#8221;][\/vc_column][\/vc_row][vc_row type=&#8221;full_width_background&#8221; bg_color=&#8221;#ffffff&#8221; top_padding=&#8221;90&#8243; bottom_padding=&#8221;0&#8243;][vc_column css=&#8221;.vc_custom_1625473509612{margin-top: -100px !important;}&#8221;][vc_empty_space][vc_column_text] Schon seit der Gr\u00fcndung von [&hellip;]<\/p>\n","protected":false},"author":1,"featured_media":0,"parent":0,"menu_order":0,"comment_status":"closed","ping_status":"closed","template":"","meta":{"footnotes":""},"class_list":["post-4797","page","type-page","status-publish","hentry"],"_links":{"self":[{"href":"https:\/\/arcorafuture.com\/de\/wp-json\/wp\/v2\/pages\/4797","targetHints":{"allow":["GET"]}}],"collection":[{"href":"https:\/\/arcorafuture.com\/de\/wp-json\/wp\/v2\/pages"}],"about":[{"href":"https:\/\/arcorafuture.com\/de\/wp-json\/wp\/v2\/types\/page"}],"author":[{"embeddable":true,"href":"https:\/\/arcorafuture.com\/de\/wp-json\/wp\/v2\/users\/1"}],"replies":[{"embeddable":true,"href":"https:\/\/arcorafuture.com\/de\/wp-json\/wp\/v2\/comments?post=4797"}],"version-history":[{"count":124,"href":"https:\/\/arcorafuture.com\/de\/wp-json\/wp\/v2\/pages\/4797\/revisions"}],"predecessor-version":[{"id":7649,"href":"https:\/\/arcorafuture.com\/de\/wp-json\/wp\/v2\/pages\/4797\/revisions\/7649"}],"wp:attachment":[{"href":"https:\/\/arcorafuture.com\/de\/wp-json\/wp\/v2\/media?parent=4797"}],"curies":[{"name":"wp","href":"https:\/\/api.w.org\/{rel}","templated":true}]}}