{"id":4761,"date":"2016-06-15T14:06:06","date_gmt":"2016-06-15T14:06:06","guid":{"rendered":"http:\/\/thesimple.ellethemes.com\/?page_id=4761"},"modified":"2022-04-06T11:53:53","modified_gmt":"2022-04-06T09:53:53","slug":"produkte","status":"publish","type":"page","link":"https:\/\/arcorafuture.com\/de\/produkte\/","title":{"rendered":"Innovative Produkte"},"content":{"rendered":"<p>[vc_row][vc_column][vc_custom_heading text=&#8221;DIE INNOVATIONSWELT DER ARCORA GROUP&#8221; font_container=&#8221;tag:h1|font_size:44|text_align:left|color:%23a0a0a0&#8243; google_fonts=&#8221;font_family:Lato%3A100%2C100italic%2C300%2C300italic%2Cregular%2Citalic%2C700%2C700italic%2C900%2C900italic|font_style:700%20bold%20regular%3A700%3Anormal&#8221;][separator width=&#8221;100%&#8221; height=&#8221;1px&#8221; color=&#8221;#11787f&#8221;][\/vc_column][\/vc_row][vc_row type=&#8221;full_width_background&#8221; bg_image=&#8221;6485&#8243; bg_position=&#8221;center top&#8221; parallax_bg=&#8221;true&#8221; overlay=&#8221;true&#8221; text_color=&#8221;light&#8221; top_padding=&#8221;30&#8243; bottom_padding=&#8221;20&#8243;][vc_column][block_title inner_style_title=&#8221;only_text&#8221; title=&#8221;DIE NEUE PAD-GENERATION&#8221;][\/block_title][\/vc_column][\/vc_row][vc_row][vc_column css=&#8221;.vc_custom_1631542544826{margin-top: -100px !important;}&#8221;][vc_column_text][rev_slider alias=&#8221;product23-1&#8243;][\/rev_slider][\/vc_column_text][\/vc_column][\/vc_row][vc_row full_width=&#8221;stretch_row_content_no_spaces&#8221; content_placement=&#8221;bottom&#8221; type=&#8221;full_width_background&#8221; bg_image=&#8221;7573&#8243; bg_position=&#8221;right center&#8221; parallax_bg=&#8221;true&#8221; top_padding=&#8221;110&#8243; bottom_padding=&#8221;110&#8243;][vc_column width=&#8221;2\/3&#8243; css=&#8221;.vc_custom_1627029423851{margin-top: -100px !important;}&#8221;][vc_empty_space height=&#8221;70px&#8221;][block_title style=&#8221;column_title&#8221; inner_style=&#8221;inline_border_circle&#8221; title=&#8221;ARCORA PU-PAD LIGHT&#8221; second_title=&#8221;Das 100 % umweltfreundliche Pad mit Waterdrop System&#8221;][\/block_title][vc_column_text]<span style=\"color: #000000;\"><strong>Das ARCORA PU-PAD Light&#8230;<\/strong><\/span><\/p>\n<ul>\n<li style=\"list-style-type: none;\">\n<ul>\n<li>erm\u00f6glicht eine Fl\u00e4chenleistung bei einer Unterhaltsreinigung von bis zu 80.000 m\u00b2.<\/li>\n<li>eignet sich vor allem f\u00fcr kleinere Scheuersaugmaschinen.<\/li>\n<li>weist dank der Zusammensetzung aus Polyester, Polyether und<br \/>\neiner Fixierung aus Polyurethan eine besondere Robustheit und Langlebigkeit auf.<\/li>\n<li>ist universell einsetzbar auf allen wasserbest\u00e4ndigen elastischen Bel\u00e4gen und Hartb\u00f6den, sowie auf Sicherheitsb\u00f6den bis zu R13.<\/li>\n<li>weist eine h\u00f6here Wasseraufnahme als herk\u00f6mmliche Pads auf.<\/li>\n<li>ist zu 100 % umweltfreundlich durch die ausschlie\u00dfliche Verwendung von Recyclingprodukten.<\/li>\n<li>sorgt bei Klein-Batterie Scheuersaugmaschinen mit niedrigeren Ah-Batterien wie z.B. 56 Ah f\u00fcr eine geringere Belastung der Batterien und somit f\u00fcr eine l\u00e4ngere Laufzeit.<\/li>\n<li>kann die Laufzeit von Lithium Akkus unterst\u00fctzen.<\/li>\n<li>entlastet Motoren, Akkus und Batterien und erzielt eine h\u00f6here m\u00b2-Leistung, ohne den B\u00fcrstmotor zu belasten.<\/li>\n<li>f\u00fchrt bei kleinen Kabel- Scheuersaugmaschinen zu einer geringeren Belastung der Motoren.<\/li>\n<\/ul>\n<\/li>\n<\/ul>\n<p><span style=\"color: #000000;\"><strong>BESCHREIBUNG<\/strong><\/span><br \/>\nDurch die angewandte Wassertropfen Stanzung wird die Mechanik durch den Plus-\/Minus Effekt zus\u00e4tzlich unterst\u00fctzt ohne den Boden anzugreifen \u2192 Schonendes Reinigen. Die Stanzungstechnik erm\u00f6glicht eine bessere Wasserverteilung und Schmutzaufnahme. Zur Schonung der Umwelt wird dank des Wassertropfen Systems weniger Wasser ben\u00f6tigt. Das Gleiten der Maschine \u00fcber den Boden wird mit dem PU-PAD Light aufgrund der Stanzungstechnik sp\u00fcrbar leichter.<\/p>\n<p><em>Waterdrop System \/ Wassertropfen Stanzung:<\/em><\/p>\n<p><em><strong>PLUS-MINUS Effekt<\/strong><\/em><br \/>\n\u2192 Besseres Gleiten auf dem Boden &amp; Bessere Schmutzaufnahme<br \/>\n\u2192 Bessere Wasserverteilung &amp; Wassereinsparung<\/p>\n<p><span style=\"color: #000000;\"><strong>ANWENDUNG<\/strong><\/span><br \/>\nDie Padseite wird f\u00fcr die Reinigung aller elastischen Bel\u00e4gen und<br \/>\nHartbodenoberfl\u00e4chen verwendet. Bei hartn\u00e4ckigeren Verschmutzungen kann das Pad gewendet und der Padr\u00fccken (Gr\u00fcn) wie ein normales Reinigungspad eingesetzt werden.<\/p>\n<p><span style=\"color: #000000;\"><strong>ANWENDUNGSBEREICH<\/strong><\/span><br \/>\nZur Unterhaltsreinigung von jeglichen Bodenbel\u00e4gen wie z.B. Fliesen, Steinb\u00f6den, Feinsteinzeug, Betonb\u00f6den bis hin zu Vinylb\u00f6den, PVC, Linoleum. Besonders geeignet f\u00fcr den Einsatz in \u00f6ffentlichen Einrichtungen, Flugh\u00e4fen, Einkaufszentren, Hotels, Restaurants, Gastst\u00e4tten, B\u00fcrogeb\u00e4uden.<\/p>\n<p><strong>100% Umweltfreundlich<br \/>\n<\/strong>Das ARCORA PU-PAD Light ist durch die Verwendung von Recyclingprodukten zu 100 % umweltfreundlich. Des Weiteren ist das Pad als klimaneutral zertifiziert. Die entstandene Menge an Co2 wird durch Klimaschutzprojekte kompensiert und somit der Anstieg der Erderw\u00e4rmung gedrosselt wird.<strong><br \/>\n<\/strong>[\/vc_column_text][button title=&#8221;Zum Produkt&#8221; link=&#8221;https:\/\/arcora.de\/de\/produkt\/pu-pad-light\/&#8221; icon=&#8221;linea-arrows-right&#8221;][\/vc_column][vc_column width=&#8221;1\/3&#8243; css=&#8221;.vc_custom_1627029413394{margin-top: -100px !important;}&#8221;][\/vc_column][\/vc_row][vc_row type=&#8221;full_width_background&#8221; bg_image=&#8221;6485&#8243; bg_position=&#8221;center top&#8221; parallax_bg=&#8221;true&#8221; overlay=&#8221;true&#8221; text_color=&#8221;light&#8221; top_padding=&#8221;30&#8243; bottom_padding=&#8221;20&#8243;][vc_column][block_title inner_style_title=&#8221;only_text&#8221; title=&#8221;W-WEAVING EASY GLIDER TECHNOLOGY&#8221;][\/block_title][\/vc_column][\/vc_row][vc_row full_width=&#8221;stretch_row_content_no_spaces&#8221; content_placement=&#8221;bottom&#8221; type=&#8221;full_width_background&#8221; bg_image=&#8221;7024&#8243; bg_position=&#8221;right center&#8221; parallax_bg=&#8221;true&#8221; top_padding=&#8221;110&#8243; bottom_padding=&#8221;110&#8243;][vc_column width=&#8221;2\/3&#8243; css=&#8221;.vc_custom_1627029423851{margin-top: -100px !important;}&#8221;][vc_empty_space height=&#8221;70px&#8221;][block_title style=&#8221;column_title&#8221; inner_style=&#8221;inline_border_circle&#8221; title=&#8221;FUTURE PU-MOP&#8221; second_title=&#8221;Optimal f\u00fcr die Unterhaltsreinigung von elastischen Bel\u00e4gen, Hartbodenbel\u00e4gen, Laminatb\u00f6den, glatten und por\u00f6sen Bodenbel\u00e4gen.&#8221;][\/block_title][vc_column_text]<span style=\"color: #000000;\"><strong>Garantiert ohne gro\u00dfen Kraftaufwand zu optimalen Reinigungsergebnissen!<\/strong><\/span><\/p>\n<ul>\n<li style=\"list-style-type: none;\">\n<ul>\n<li><span style=\"color: #000000;\">Wischt die \u201e8\u2033 fast von allein<\/span><\/li>\n<li><span style=\"color: #000000;\">Hohe Mitarbeiterakzeptanz<\/span><\/li>\n<li><span style=\"color: #000000;\">Garantiert erm\u00fcdungsfreies Arbeiten<\/span><\/li>\n<li><span style=\"color: #000000;\">Bislang unerreichbar hohe Fl\u00e4chenleistung von bis zu 40 m\u00b2<\/span><\/li>\n<li><span style=\"color: #000000;\">Ideale Schmutzaufnahme und Reinigungsleistung dank der unterbrochenen Webart<\/span><\/li>\n<li><span style=\"color: #000000;\">PU-verst\u00e4rkter R\u00fccken \u2013&gt; Hohe Langlebigkeit<\/span><\/li>\n<\/ul>\n<\/li>\n<\/ul>\n<p><span style=\"color: #000000;\"><strong>BESCHREIBUNG<\/strong><\/span><br \/>\n<span style=\"color: #000000;\">Mit dem Flachpressmopp FUTURE PU-MOPP erzielt man garantiert ohne gro\u00dfen Kraftaufwand optimale Reinigungsergebnisse auf allen elastischen B\u00f6den und Hartbodenbel\u00e4gen. Mit dieser Leichtlauf-Sensation erlangt man eine bisher unerreichbar hohe Fl\u00e4chenleistung von bis zu 40 m\u00b2. Die spezielle Webtechnik W-WEAVING EASY GLIDER TECHNOLOGY erm\u00f6glicht ein erm\u00fcdungsfreies Arbeiten. Mit dieser neuen Technologie wird das Wischen einer \u201e8\u201c neu erfunden. Neben der idealen Gleitf\u00e4higkeit \u00fcberzeugt der FUTURE PU-MOPP, dank der unterbrochenen Webart (Plus-Minus-Effekt), mit einer optimalen Schmutzaufnahme und Reinigungsleistung. Der PU-verst\u00e4rkte R\u00fccken sorgt f\u00fcr eine hohe Langlebigkeit. Die durch diesen Wischbezug gewonnene verbesserte Ergonomie erzielt eine hohe Mitarbeiterakzeptanz und erleichtert die t\u00e4gliche Arbeit des Reinigungspersonals.<\/span><\/p>\n<p><span style=\"color: #000000;\"><strong>ANWENDUNG<\/strong><\/span><br \/>\n<span style=\"color: #000000;\">Sowohl trocken als auch feucht anwendbar auf glatten, beschichteten und unbeschichteten Bodenbel\u00e4gen. Auch optimal f\u00fcr die Pr\u00e4paration einsetzbar. F\u00fcr alle handels\u00fcblichen Flachpress Systeme geeignet.<\/span><\/p>\n<p><span style=\"color: #000000;\"><strong>ANWENDUNGSBEREICH<\/strong><\/span><br \/>\n<span style=\"color: #000000;\">Zur Unterhaltsreinigung von elastischen B\u00f6den und Hartb\u00f6den bestens geeignet. Besonders f\u00fcr den Einsatz im Gesundheitswesen, in der Geb\u00e4udereinigung, in Kliniken, Senioren- und Pflegeheimen, Hotels, Gro\u00dfw\u00e4schereien und \u00f6ffentlichen Einrichtungen.<\/span><\/p>\n<p><span style=\"color: #000000;\"><strong>WASCHEMPFEHLUNG<\/strong><\/span><br \/>\n<span style=\"color: #000000;\">Empfohlen wird eine Waschtemperatur von 60 \u00b0C. Eine maximale Waschtemperatur von 90 \u00b0C sollte nicht \u00fcberschritten werden. Die Verwendung von Weichsp\u00fcler und Bleichmitteln gilt es zu vermeiden. Generell wird empfohlen, nur sortenrein zu waschen. Beim Trocknen sollten 80 \u00b0C nicht \u00fcberschritten werden.<\/span>[\/vc_column_text][button title=&#8221;Zum Produkt&#8221; link=&#8221;https:\/\/arcora.de\/de\/produkt\/future-pu-mopp\/&#8221; icon=&#8221;linea-arrows-right&#8221;][\/vc_column][vc_column width=&#8221;1\/3&#8243; css=&#8221;.vc_custom_1627029413394{margin-top: -100px !important;}&#8221;][\/vc_column][\/vc_row][vc_row type=&#8221;full_width_background&#8221; bg_image=&#8221;6485&#8243; bg_position=&#8221;center top&#8221; parallax_bg=&#8221;true&#8221; overlay=&#8221;true&#8221; text_color=&#8221;light&#8221; top_padding=&#8221;30&#8243; bottom_padding=&#8221;20&#8243;][vc_column][block_title inner_style_title=&#8221;only_text&#8221; title=&#8221;HOCHWERTIGE BODENBESCHICHTUNGSSYSTEME&#8221;][\/block_title][\/vc_column][\/vc_row][vc_row type=&#8221;full_width_background&#8221; bg_image=&#8221;7007&#8243; bg_position=&#8221;left center&#8221; parallax_bg=&#8221;true&#8221; top_padding=&#8221;110&#8243; bottom_padding=&#8221;110&#8243;][vc_column width=&#8221;1\/3&#8243;][\/vc_column][vc_column width=&#8221;2\/3&#8243;][vc_column_text]<\/p>\n<h1 class=\"product_title entry-title\"><span style=\"color: #000000;\">ELITE 29 UND ELITE 29 MATT<\/span><\/h1>\n<p><span style=\"color: #000000;\"><strong>DESINFEKTIONSMITTEL UND ALKOHOLBEST\u00c4NDIGE FUSSBODENBESCHICHTUNG<\/strong><\/span><\/p>\n<h4><span style=\"color: #000000;\">Optimal f\u00fcr den Schutz von Bodenbel\u00e4gen in Bereichen, in denen h\u00e4ufig mit Fl\u00e4chen- und H\u00e4ndedesinfektionsmitteln gearbeitet wird.<\/span><\/h4>\n<ul>\n<li><span style=\"color: #000000;\">Dauerhaftes, gut restaurierbares Ergebnis<\/span><\/li>\n<li><span style=\"color: #000000;\">Nachbeschichtung m\u00f6glich, ohne eine Grundreinigung durchf\u00fchren zu m\u00fcssen<\/span><\/li>\n<li><span style=\"color: #000000;\">Best\u00e4ndig gegen H\u00e4ndedesinfektionsmittel<\/span><\/li>\n<\/ul>\n<p><span style=\"color: #000000;\"><strong>EIGENSCHAFTEN<\/strong><\/span><br \/>\n<span style=\"color: #000000;\">Diese hochwertige, desinfektionsmittel- und alkoholbest\u00e4ndige Fu\u00dfbodenbeschichtung wird zum Schutz von Bodenbel\u00e4gen in Bereichen angewendet, in denen h\u00e4ufig mit Fl\u00e4chen- und H\u00e4ndedesinfektionsmitteln gearbeitet wird. Das Produkt f\u00fchrt zu einem dauerhaften, gut restaurierbaren Ergebnis und l\u00e4sst sich gut nachbeschichten, ohne eine Grundreinigung durchf\u00fchren zu m\u00fcssen. Es erf\u00fcllt die Anforderungen der DIN 18032 und ist rutschsicher.<\/span><\/p>\n<p><span style=\"color: #000000;\"><strong>ANWENDUNGSBEREICHE<\/strong><\/span><br \/>\n<span style=\"color: #000000;\">ELITE 29 und ELITE 29 MATT wird auf PVC, Polyolefin, Linoleum, saugf\u00e4higem Natur- und Kunststein, Asphalt etc. verwendet. Haupts\u00e4chlich wird ELITE 29 und ELITE 29 MATT in Krankenh\u00e4usern, Altenheimen, Kinderg\u00e4rten und Sanatorien eingesetzt. Bei Bel\u00e4gen mit PU- oder PE-Nutzschichten ist vor der Verwendung ein Haftungstest durchzuf\u00fchren.<\/span>[\/vc_column_text][button title=&#8221;Zum Produkt&#8221; link=&#8221;https:\/\/arcora.de\/de\/produkt\/elite-29\/&#8221; icon=&#8221;linea-arrows-right&#8221;][\/vc_column][\/vc_row]<\/p>\n","protected":false},"excerpt":{"rendered":"<p>[vc_row][vc_column][vc_custom_heading text=&#8221;DIE INNOVATIONSWELT DER ARCORA GROUP&#8221; font_container=&#8221;tag:h1|font_size:44|text_align:left|color:%23a0a0a0&#8243; google_fonts=&#8221;font_family:Lato%3A100%2C100italic%2C300%2C300italic%2Cregular%2Citalic%2C700%2C700italic%2C900%2C900italic|font_style:700%20bold%20regular%3A700%3Anormal&#8221;][separator width=&#8221;100%&#8221; height=&#8221;1px&#8221; color=&#8221;#11787f&#8221;][\/vc_column][\/vc_row][vc_row type=&#8221;full_width_background&#8221; bg_image=&#8221;6485&#8243; bg_position=&#8221;center top&#8221; parallax_bg=&#8221;true&#8221; overlay=&#8221;true&#8221; text_color=&#8221;light&#8221; top_padding=&#8221;30&#8243; bottom_padding=&#8221;20&#8243;][vc_column][block_title inner_style_title=&#8221;only_text&#8221; title=&#8221;DIE NEUE PAD-GENERATION&#8221;][\/block_title][\/vc_column][\/vc_row][vc_row][vc_column css=&#8221;.vc_custom_1631542544826{margin-top: -100px !important;}&#8221;][vc_column_text][rev_slider alias=&#8221;product23-1&#8243;][\/rev_slider][\/vc_column_text][\/vc_column][\/vc_row][vc_row full_width=&#8221;stretch_row_content_no_spaces&#8221; content_placement=&#8221;bottom&#8221; type=&#8221;full_width_background&#8221; bg_image=&#8221;7573&#8243; bg_position=&#8221;right center&#8221; parallax_bg=&#8221;true&#8221; top_padding=&#8221;110&#8243; bottom_padding=&#8221;110&#8243;][vc_column width=&#8221;2\/3&#8243; css=&#8221;.vc_custom_1627029423851{margin-top: -100px !important;}&#8221;][vc_empty_space height=&#8221;70px&#8221;][block_title style=&#8221;column_title&#8221; inner_style=&#8221;inline_border_circle&#8221; title=&#8221;ARCORA PU-PAD LIGHT&#8221; second_title=&#8221;Das 100 % umweltfreundliche Pad mit Waterdrop System&#8221;][\/block_title][vc_column_text]Das [&hellip;]<\/p>\n","protected":false},"author":1,"featured_media":0,"parent":0,"menu_order":0,"comment_status":"closed","ping_status":"closed","template":"","meta":{"footnotes":""},"class_list":["post-4761","page","type-page","status-publish","hentry"],"_links":{"self":[{"href":"https:\/\/arcorafuture.com\/de\/wp-json\/wp\/v2\/pages\/4761","targetHints":{"allow":["GET"]}}],"collection":[{"href":"https:\/\/arcorafuture.com\/de\/wp-json\/wp\/v2\/pages"}],"about":[{"href":"https:\/\/arcorafuture.com\/de\/wp-json\/wp\/v2\/types\/page"}],"author":[{"embeddable":true,"href":"https:\/\/arcorafuture.com\/de\/wp-json\/wp\/v2\/users\/1"}],"replies":[{"embeddable":true,"href":"https:\/\/arcorafuture.com\/de\/wp-json\/wp\/v2\/comments?post=4761"}],"version-history":[{"count":121,"href":"https:\/\/arcorafuture.com\/de\/wp-json\/wp\/v2\/pages\/4761\/revisions"}],"predecessor-version":[{"id":7652,"href":"https:\/\/arcorafuture.com\/de\/wp-json\/wp\/v2\/pages\/4761\/revisions\/7652"}],"wp:attachment":[{"href":"https:\/\/arcorafuture.com\/de\/wp-json\/wp\/v2\/media?parent=4761"}],"curies":[{"name":"wp","href":"https:\/\/api.w.org\/{rel}","templated":true}]}}